{"id":62292,"date":"2025-03-31T16:41:13","date_gmt":"2025-03-31T14:41:13","guid":{"rendered":"https:\/\/linkjuice.development-juice.com\/cookie-policy\/"},"modified":"2025-08-07T20:09:12","modified_gmt":"2025-08-07T18:09:12","slug":"privacy-policy","status":"publish","type":"page","link":"https:\/\/www.linkjuice.it\/fr\/privacy-policy\/","title":{"rendered":"Politique de confidentialit\u00e9"},"content":{"rendered":"<h1>Politique de confidentialit\u00e9<\/h1>\n<h3><b>Avertissement aux utilisateurs europ\u00e9ens<\/b><\/h3>\n<p>Cette politique de confidentialit\u00e9 est r\u00e9dig\u00e9e conform\u00e9ment \u00e0 la Directive 95\/46\/CE et \u00e0 la Directive 2002\/58\/CE, modifi\u00e9e par la Directive 2009\/136\/CE.<\/p>\n<\/p>\n<h3><b>1. Objet<\/b><\/h3>\n<p>Cette politique s&rsquo;applique exclusivement \u00e0 ce site web et d\u00e9crit la collecte, le traitement, le stockage et la protection des donn\u00e9es personnelles des utilisateurs.<\/p>\n<\/p>\n<h3><b>2. Responsable du traitement<\/b><\/h3>\n<p><b>LinkJuice Srl<\/b><b><br \/><\/b>Via Calzabigi, 4 \u2014 57125 Livorno (LI), Italy<br \/>Email: elisa.soggia@linkjuice.it<\/p>\n<\/p>\n<h3><b>3. Collecte et traitement des donn\u00e9es<\/b><\/h3>\n<ul>\n<li>Seules les donn\u00e9es strictement n\u00e9cessaires au fonctionnement du site (cookies essentiels) sont collect\u00e9es.<\/li>\n<li>Tout traitement suppl\u00e9mentaire (statistiques, marketing) n&rsquo;est effectu\u00e9 qu\u2019apr\u00e8s consentement explicite.<\/li>\n<li>Les utilisateurs peuvent g\u00e9rer ou supprimer les cookies dans les param\u00e8tres de leur navigateur.<\/li>\n<li>Les outils tiers peuvent collecter des donn\u00e9es suppl\u00e9mentaires ; veuillez consulter leurs politiques respectives.<\/li>\n<li>Gestion centralis\u00e9e possible via <b>Your Online Choices<\/b>.<\/li>\n<\/ul>\n<h3><b>4. Base l\u00e9gale<\/b><\/h3>\n<p>Le traitement des donn\u00e9es est conforme aux directives europ\u00e9ennes (95\/46\/CE, 2002\/58\/CE, 2009\/136\/CE).<\/p>\n<\/p>\n<h3><b>5. Droits des utilisateurs<\/b><\/h3>\n<p>Les utilisateurs peuvent \u00e0 tout moment:<\/p>\n<ul>\n<li aria-level=\"1\">Acc\u00e9der, modifier ou supprimer leurs donn\u00e9es;<\/li>\n<li aria-level=\"1\">Retirer leur consentement;<\/li>\n<li aria-level=\"1\">S&rsquo;opposer au traitement;<\/li>\n<li aria-level=\"1\">D\u00e9poser une plainte aupr\u00e8s d&rsquo;une autorit\u00e9 de contr\u00f4le.\n<\/p>\n<\/li>\n<\/ul>\n<h3><b>6. Mises \u00e0 jour<\/b><\/h3>\n<p>Cette politique peut \u00eatre modifi\u00e9e \u00e0 tout moment. Il est conseill\u00e9 de la consulter r\u00e9guli\u00e8rement. <\/p>\n","protected":false},"excerpt":{"rendered":"<p>Politique de confidentialit\u00e9 Avertissement aux utilisateurs europ\u00e9ens Cette politique de confidentialit\u00e9 est r\u00e9dig\u00e9e conform\u00e9ment \u00e0 la Directive 95\/46\/CE et \u00e0 la Directive 2002\/58\/CE, modifi\u00e9e par la Directive 2009\/136\/CE. 1. Objet Cette politique s&rsquo;applique exclusivement \u00e0 ce site web et d\u00e9crit la collecte, le traitement, le stockage et la protection des donn\u00e9es personnelles des utilisateurs. 2. [&hellip;]<\/p>\n","protected":false},"author":2,"featured_media":0,"parent":0,"menu_order":0,"comment_status":"closed","ping_status":"closed","template":"","meta":{"footnotes":""},"class_list":["post-62292","page","type-page","status-publish","hentry"],"yoast_head":"<!-- This site is optimized with the Yoast SEO plugin v27.2 - https:\/\/yoast.com\/product\/yoast-seo-wordpress\/ -->\n<title>Politique de confidentialit\u00e9 - Linkjuice<\/title>\n<meta name=\"robots\" content=\"index, follow, max-snippet:-1, max-image-preview:large, max-video-preview:-1\" \/>\n<link rel=\"canonical\" href=\"https:\/\/www.linkjuice.it\/fr\/privacy-policy\/\" \/>\n<meta property=\"og:locale\" content=\"fr_FR\" \/>\n<meta property=\"og:type\" content=\"article\" \/>\n<meta property=\"og:title\" content=\"Politique de confidentialit\u00e9 - Linkjuice\" \/>\n<meta property=\"og:description\" content=\"Politique de confidentialit\u00e9 Avertissement aux utilisateurs europ\u00e9ens Cette politique de confidentialit\u00e9 est r\u00e9dig\u00e9e conform\u00e9ment \u00e0 la Directive 95\/46\/CE et \u00e0 la Directive 2002\/58\/CE, modifi\u00e9e par la Directive 2009\/136\/CE. 1. Objet Cette politique s&rsquo;applique exclusivement \u00e0 ce site web et d\u00e9crit la collecte, le traitement, le stockage et la protection des donn\u00e9es personnelles des utilisateurs. 2. [&hellip;]\" \/>\n<meta property=\"og:url\" content=\"https:\/\/www.linkjuice.it\/fr\/privacy-policy\/\" \/>\n<meta property=\"og:site_name\" content=\"Linkjuice\" \/>\n<meta property=\"article:modified_time\" content=\"2025-08-07T18:09:12+00:00\" \/>\n<meta name=\"twitter:card\" content=\"summary_large_image\" \/>\n<meta name=\"twitter:label1\" content=\"Dur\u00e9e de lecture estim\u00e9e\" \/>\n\t<meta name=\"twitter:data1\" content=\"1 minute\" \/>\n<script type=\"application\/ld+json\" class=\"yoast-schema-graph\">{\"@context\":\"https:\/\/schema.org\",\"@graph\":[{\"@type\":\"WebPage\",\"@id\":\"https:\/\/www.linkjuice.it\/fr\/privacy-policy\/\",\"url\":\"https:\/\/www.linkjuice.it\/fr\/privacy-policy\/\",\"name\":\"Politique de confidentialit\u00e9 - Linkjuice\",\"isPartOf\":{\"@id\":\"https:\/\/www.linkjuice.it\/fr\/#website\"},\"datePublished\":\"2025-03-31T14:41:13+00:00\",\"dateModified\":\"2025-08-07T18:09:12+00:00\",\"breadcrumb\":{\"@id\":\"https:\/\/www.linkjuice.it\/fr\/privacy-policy\/#breadcrumb\"},\"inLanguage\":\"fr-FR\",\"potentialAction\":[{\"@type\":\"ReadAction\",\"target\":[\"https:\/\/www.linkjuice.it\/fr\/privacy-policy\/\"]}]},{\"@type\":\"BreadcrumbList\",\"@id\":\"https:\/\/www.linkjuice.it\/fr\/privacy-policy\/#breadcrumb\",\"itemListElement\":[{\"@type\":\"ListItem\",\"position\":1,\"name\":\"Home\",\"item\":\"https:\/\/www.linkjuice.it\/fr\/\"},{\"@type\":\"ListItem\",\"position\":2,\"name\":\"Politique de confidentialit\u00e9\"}]},{\"@type\":\"WebSite\",\"@id\":\"https:\/\/www.linkjuice.it\/fr\/#website\",\"url\":\"https:\/\/www.linkjuice.it\/fr\/\",\"name\":\"Linkjuice\",\"description\":\"\",\"publisher\":{\"@id\":\"https:\/\/www.linkjuice.it\/fr\/#organization\"},\"potentialAction\":[{\"@type\":\"SearchAction\",\"target\":{\"@type\":\"EntryPoint\",\"urlTemplate\":\"https:\/\/www.linkjuice.it\/fr\/?s={search_term_string}\"},\"query-input\":{\"@type\":\"PropertyValueSpecification\",\"valueRequired\":true,\"valueName\":\"search_term_string\"}}],\"inLanguage\":\"fr-FR\"},{\"@type\":\"Organization\",\"@id\":\"https:\/\/www.linkjuice.it\/fr\/#organization\",\"name\":\"Linkjuice\",\"url\":\"https:\/\/www.linkjuice.it\/fr\/\",\"logo\":{\"@type\":\"ImageObject\",\"inLanguage\":\"fr-FR\",\"@id\":\"https:\/\/www.linkjuice.it\/fr\/#\/schema\/logo\/image\/\",\"url\":\"https:\/\/www.linkjuice.it\/wp-content\/uploads\/2025\/02\/favicon-lj.png\",\"contentUrl\":\"https:\/\/www.linkjuice.it\/wp-content\/uploads\/2025\/02\/favicon-lj.png\",\"width\":200,\"height\":201,\"caption\":\"Linkjuice\"},\"image\":{\"@id\":\"https:\/\/www.linkjuice.it\/fr\/#\/schema\/logo\/image\/\"}}]}<\/script>\n<!-- \/ Yoast SEO plugin. -->","yoast_head_json":{"title":"Politique de confidentialit\u00e9 - Linkjuice","robots":{"index":"index","follow":"follow","max-snippet":"max-snippet:-1","max-image-preview":"max-image-preview:large","max-video-preview":"max-video-preview:-1"},"canonical":"https:\/\/www.linkjuice.it\/fr\/privacy-policy\/","og_locale":"fr_FR","og_type":"article","og_title":"Politique de confidentialit\u00e9 - Linkjuice","og_description":"Politique de confidentialit\u00e9 Avertissement aux utilisateurs europ\u00e9ens Cette politique de confidentialit\u00e9 est r\u00e9dig\u00e9e conform\u00e9ment \u00e0 la Directive 95\/46\/CE et \u00e0 la Directive 2002\/58\/CE, modifi\u00e9e par la Directive 2009\/136\/CE. 1. Objet Cette politique s&rsquo;applique exclusivement \u00e0 ce site web et d\u00e9crit la collecte, le traitement, le stockage et la protection des donn\u00e9es personnelles des utilisateurs. 2. [&hellip;]","og_url":"https:\/\/www.linkjuice.it\/fr\/privacy-policy\/","og_site_name":"Linkjuice","article_modified_time":"2025-08-07T18:09:12+00:00","twitter_card":"summary_large_image","twitter_misc":{"Dur\u00e9e de lecture estim\u00e9e":"1 minute"},"schema":{"@context":"https:\/\/schema.org","@graph":[{"@type":"WebPage","@id":"https:\/\/www.linkjuice.it\/fr\/privacy-policy\/","url":"https:\/\/www.linkjuice.it\/fr\/privacy-policy\/","name":"Politique de confidentialit\u00e9 - Linkjuice","isPartOf":{"@id":"https:\/\/www.linkjuice.it\/fr\/#website"},"datePublished":"2025-03-31T14:41:13+00:00","dateModified":"2025-08-07T18:09:12+00:00","breadcrumb":{"@id":"https:\/\/www.linkjuice.it\/fr\/privacy-policy\/#breadcrumb"},"inLanguage":"fr-FR","potentialAction":[{"@type":"ReadAction","target":["https:\/\/www.linkjuice.it\/fr\/privacy-policy\/"]}]},{"@type":"BreadcrumbList","@id":"https:\/\/www.linkjuice.it\/fr\/privacy-policy\/#breadcrumb","itemListElement":[{"@type":"ListItem","position":1,"name":"Home","item":"https:\/\/www.linkjuice.it\/fr\/"},{"@type":"ListItem","position":2,"name":"Politique de confidentialit\u00e9"}]},{"@type":"WebSite","@id":"https:\/\/www.linkjuice.it\/fr\/#website","url":"https:\/\/www.linkjuice.it\/fr\/","name":"Linkjuice","description":"","publisher":{"@id":"https:\/\/www.linkjuice.it\/fr\/#organization"},"potentialAction":[{"@type":"SearchAction","target":{"@type":"EntryPoint","urlTemplate":"https:\/\/www.linkjuice.it\/fr\/?s={search_term_string}"},"query-input":{"@type":"PropertyValueSpecification","valueRequired":true,"valueName":"search_term_string"}}],"inLanguage":"fr-FR"},{"@type":"Organization","@id":"https:\/\/www.linkjuice.it\/fr\/#organization","name":"Linkjuice","url":"https:\/\/www.linkjuice.it\/fr\/","logo":{"@type":"ImageObject","inLanguage":"fr-FR","@id":"https:\/\/www.linkjuice.it\/fr\/#\/schema\/logo\/image\/","url":"https:\/\/www.linkjuice.it\/wp-content\/uploads\/2025\/02\/favicon-lj.png","contentUrl":"https:\/\/www.linkjuice.it\/wp-content\/uploads\/2025\/02\/favicon-lj.png","width":200,"height":201,"caption":"Linkjuice"},"image":{"@id":"https:\/\/www.linkjuice.it\/fr\/#\/schema\/logo\/image\/"}}]}},"_links":{"self":[{"href":"https:\/\/www.linkjuice.it\/fr\/wp-json\/wp\/v2\/pages\/62292","targetHints":{"allow":["GET"]}}],"collection":[{"href":"https:\/\/www.linkjuice.it\/fr\/wp-json\/wp\/v2\/pages"}],"about":[{"href":"https:\/\/www.linkjuice.it\/fr\/wp-json\/wp\/v2\/types\/page"}],"author":[{"embeddable":true,"href":"https:\/\/www.linkjuice.it\/fr\/wp-json\/wp\/v2\/users\/2"}],"replies":[{"embeddable":true,"href":"https:\/\/www.linkjuice.it\/fr\/wp-json\/wp\/v2\/comments?post=62292"}],"version-history":[{"count":6,"href":"https:\/\/www.linkjuice.it\/fr\/wp-json\/wp\/v2\/pages\/62292\/revisions"}],"predecessor-version":[{"id":63241,"href":"https:\/\/www.linkjuice.it\/fr\/wp-json\/wp\/v2\/pages\/62292\/revisions\/63241"}],"wp:attachment":[{"href":"https:\/\/www.linkjuice.it\/fr\/wp-json\/wp\/v2\/media?parent=62292"}],"curies":[{"name":"wp","href":"https:\/\/api.w.org\/{rel}","templated":true}]}}