{"id":62285,"date":"2025-03-28T11:34:53","date_gmt":"2025-03-28T10:34:53","guid":{"rendered":"https:\/\/linkjuice.development-juice.com\/contacts\/"},"modified":"2025-07-13T18:36:49","modified_gmt":"2025-07-13T16:36:49","slug":"contacts","status":"publish","type":"page","link":"https:\/\/www.linkjuice.it\/fr\/contacts\/","title":{"rendered":"Contacts"},"content":{"rendered":"<h1>Contacts<\/h1>\n<p>POUR OBTENIR UN DEVIS GRATUIT OU POUR TOUTE AUTRE DEMANDE, L\u2019\u00c9QUIPE DE LINKJUICE RESTE \u00c0 VOTRE ENTI\u00c8RE DISPOSITION.<\/p>\n<p><strong>Via dell&rsquo; Artigianato, 35B \u2013 57122 Livorno (LI)<br \/>T <a href=\"tel:+393311332518\">+39 3311332518<\/a><br \/>F <a href=\"tel:+3905861581861\">+39 05861581861<\/a><br \/><a href=\"mailto:contatti@linkjuice.it\">contatti@linkjuice.it<\/a><\/strong><\/p>\n<p>\t\t\t\t\t\t\t\t\t\t\t\t\t\t\t<img fetchpriority=\"high\" decoding=\"async\" width=\"1067\" height=\"1281\" src=\"https:\/\/www.linkjuice.it\/wp-content\/uploads\/2025\/03\/bambino-triciclo.png\" alt=\"\" srcset=\"https:\/\/www.linkjuice.it\/wp-content\/uploads\/2025\/03\/bambino-triciclo.png 1067w, https:\/\/www.linkjuice.it\/wp-content\/uploads\/2025\/03\/bambino-triciclo-250x300.png 250w, https:\/\/www.linkjuice.it\/wp-content\/uploads\/2025\/03\/bambino-triciclo-853x1024.png 853w, https:\/\/www.linkjuice.it\/wp-content\/uploads\/2025\/03\/bambino-triciclo-768x922.png 768w\" sizes=\"(max-width: 1067px) 100vw, 1067px\" \/><br \/>\n\t\t\t\t\t\t\t<img decoding=\"async\" src=\"https:\/\/www.linkjuice.it\/wp-content\/plugins\/elementor\/assets\/images\/placeholder.png\" alt=\"CEO&lt;br&gt;Secteur e-commerce&lt;br&gt;(Produits pour la maison)\"><br \/>\n\t\t\t\t\t\t\t\t\t\t<cite>CEO<br \/>Secteur e-commerce<br \/>(Produits pour la maison)<i>&#xE934;<\/i><i>&#xE934;<\/i><i>&#xE934;<\/i><i>&#xE934;<\/i><i>&#xE934;<\/i><\/cite><br \/>\n\t\t\t\t\t\tNous avons commenc\u00e9 \u00e0 investir dans les strat\u00e9gies LinkJuice il y a six mois, et les r\u00e9sultats ont \u00e9t\u00e9 remarquables. Notre site a rapidement progress\u00e9 dans les r\u00e9sultats de recherche, g\u00e9n\u00e9rant une augmentation significative du trafic organique. Je recommande cette technique \u00e0 tous ceux qui souhaitent am\u00e9liorer leur visibilit\u00e9 sans d\u00e9pendre exclusivement des publicit\u00e9s payantes.<br \/>\n\t\t\t\t\t\t\t<img decoding=\"async\" src=\"https:\/\/www.linkjuice.it\/wp-content\/plugins\/elementor\/assets\/images\/placeholder.png\" alt=\"Sp\u00e9cialiste SEO&lt;br&gt;Agence de marketing digital\"><br \/>\n\t\t\t\t\t\t\t\t\t\t<cite>Sp\u00e9cialiste SEO<br \/>Agence de marketing digital<i>&#xE934;<\/i><i>&#xE934;<\/i><i>&#xE934;<\/i><i>&#xE934;<\/i><i>&#xE934;<\/i><\/cite><br \/>\n\t\t\t\t\t\tNous avons test\u00e9 plusieurs strat\u00e9gies d&rsquo;acquisition de liens, mais c&rsquo;est la qualit\u00e9 des backlinks qui a fait la diff\u00e9rence. Obtenir des liens provenant de sites faisant autorit\u00e9 et pr\u00e9sentant une forte pertinence th\u00e9matique a am\u00e9lior\u00e9 le classement de nos clients bien plus que les liens g\u00e9n\u00e9riques. LinkJuice est un levier tr\u00e8s puissant, s&rsquo;il est utilis\u00e9 correctement.<br \/>\n\t\t\t\t\t\t\t<img decoding=\"async\" src=\"https:\/\/www.linkjuice.it\/wp-content\/plugins\/elementor\/assets\/images\/placeholder.png\" alt=\"CEO&lt;br&gt;Startup SaaS\"><br \/>\n\t\t\t\t\t\t\t\t\t\t<cite>CEO<br \/>Startup SaaS<i>&#xE934;<\/i><i>&#xE934;<\/i><i>&#xE934;<\/i><i>&#xE934;<\/i><i>&#xE934;<\/i><\/cite><br \/>\n\t\t\t\t\t\tAu d\u00e9but, nous pensions qu&rsquo;\u00e9crire du contenu de qualit\u00e9 suffirait \u00e0 grimper sur Google, mais sans un bon profil de backlinks, nous n&rsquo;arrivions \u00e0 rien. Gr\u00e2ce \u00e0 une approche cibl\u00e9e de la distribution de LinkJuice, nous avons renforc\u00e9 l&rsquo;autorit\u00e9 de notre domaine et surpass\u00e9 nos concurrents disposant de budgets bien plus importants.<br \/>\n\t\t\t\t\t\t\t<img decoding=\"async\" src=\"https:\/\/www.linkjuice.it\/wp-content\/plugins\/elementor\/assets\/images\/placeholder.png\" alt=\"Responsable SEO&lt;br&gt;Agence sp\u00e9cialis\u00e9e en r\u00e9f\u00e9rencement local\"><br \/>\n\t\t\t\t\t\t\t\t\t\t<cite>Responsable SEO<br \/>Agence sp\u00e9cialis\u00e9e en r\u00e9f\u00e9rencement local<i>&#xE934;<\/i><i>&#xE934;<\/i><i>&#xE934;<\/i><i>&#xE934;<\/i><i>&#xE934;<\/i><\/cite><br \/>\n\t\t\t\t\t\tPour les entreprises locales, LinkJuice est souvent n\u00e9glig\u00e9. Obtenir des backlinks de sites locaux faisant autorit\u00e9 a accru notre visibilit\u00e9 dans les recherches locales. Nous utilisons d\u00e9sormais des strat\u00e9gies de link building cibl\u00e9es pour tous nos clients qui souhaitent dominer leur territoire.<br \/>\n\t\t\t\t\t\t\t<img decoding=\"async\" src=\"https:\/\/www.linkjuice.it\/wp-content\/plugins\/elementor\/assets\/images\/placeholder.png\" alt=\"CEO&lt;br&gt;Boutique de v\u00eatements en ligne\"><br \/>\n\t\t\t\t\t\t\t\t\t\t<cite>CEO<br \/>Boutique de v\u00eatements en ligne<i>&#xE934;<\/i><i>&#xE934;<\/i><i>&#xE934;<\/i><i>&#xE934;<\/i><i>&#xE934;<\/i><\/cite><br \/>\n\t\t\t\t\t\tNous avons investi dans LinkJuice pour renforcer nos pages produits les plus importantes, ce qui a entra\u00een\u00e9 une augmentation spectaculaire de nos ventes organiques. Nous \u00e9tions invisibles sur Google, mais nous figurons d\u00e9sormais parmi les premiers r\u00e9sultats pour nos principaux mots-cl\u00e9s. Le retour sur investissement a \u00e9t\u00e9 exceptionnel.<br \/>\n\t\t\t\t\t\t\t<img decoding=\"async\" src=\"https:\/\/www.linkjuice.it\/wp-content\/plugins\/elementor\/assets\/images\/placeholder.png\" alt=\"Responsable SEO&lt;br&gt;Agence de marketing de croissance\"><br \/>\n\t\t\t\t\t\t\t\t\t\t<cite>Responsable SEO<br \/>Agence de marketing de croissance<i>&#xE934;<\/i><i>&#xE934;<\/i><i>&#xE934;<\/i><i>&#xE934;<\/i><i>&#xE934;<\/i><\/cite><br \/>\n\t\t\t\t\t\tLe LinkJuice n&rsquo;est pas seulement une question de quantit\u00e9 de liens, mais surtout de strat\u00e9gie. Une mauvaise r\u00e9partition peut p\u00e9naliser le site, tandis qu&rsquo;un flux \u00e9quilibr\u00e9 vers les bonnes pages peut propulser toute une architecture SEO vers un niveau sup\u00e9rieur. C&rsquo;est l&rsquo;un des facteurs les plus importants pour quiconque souhaite progresser dans les classements de mani\u00e8re stable.<br \/>\n\t\t\t\t\t\t\t<img decoding=\"async\" src=\"https:\/\/www.linkjuice.it\/wp-content\/plugins\/elementor\/assets\/images\/placeholder.png\" alt=\"CEO&lt;br&gt;Blogs sectoriels dans le monde de la technologie\"><br \/>\n\t\t\t\t\t\t\t\t\t\t<cite>CEO<br \/>Blogs sectoriels dans le monde de la technologie<i>&#xE934;<\/i><i>&#xE934;<\/i><i>&#xE934;<\/i><i>&#xE934;<\/i><i>&#xE934;<\/i><\/cite><br \/>\n\t\t\t\t\t\tAu d\u00e9but, nous ne comprenions pas l&rsquo;importance de l&rsquo;\u00e9quit\u00e9 des liens, mais apr\u00e8s avoir optimis\u00e9 notre strat\u00e9gie de maillage interne et acquis des backlinks fiables, notre trafic organique a explos\u00e9. Nous pouvons d\u00e9sormais rivaliser avec des sites bien plus importants et bien \u00e9tablis dans notre secteur.<br \/>\n\t\t\t\t\t\t\t<svg aria-hidden=\"true\" viewBox=\"0 0 1000 1000\" xmlns=\"http:\/\/www.w3.org\/2000\/svg\"><path d=\"M646 125C629 125 613 133 604 142L308 442C296 454 292 471 292 487 292 504 296 521 308 533L604 854C617 867 629 875 646 875 663 875 679 871 692 858 704 846 713 829 713 812 713 796 708 779 692 767L438 487 692 225C700 217 708 204 708 187 708 171 704 154 692 142 675 129 663 125 646 125Z\"><\/path><\/svg><br \/>\n\t\t\t\t\t\t\t<svg aria-hidden=\"true\" viewBox=\"0 0 1000 1000\" xmlns=\"http:\/\/www.w3.org\/2000\/svg\"><path d=\"M696 533C708 521 713 504 713 487 713 471 708 454 696 446L400 146C388 133 375 125 354 125 338 125 325 129 313 142 300 154 292 171 292 187 292 204 296 221 308 233L563 492 304 771C292 783 288 800 288 817 288 833 296 850 308 863 321 871 338 875 354 875 371 875 388 867 400 854L696 533Z\"><\/path><\/svg>\t\t\t\t\t\t<\/p>\n<h2>Demandez de plus amples\u202finformations<\/h2>\n<p>REMPLISSEZ LE FORMULAIRE ET NOUS VOUS RECONTACTERONS SOUS 24H.<\/p>\n","protected":false},"excerpt":{"rendered":"<p>Contacts POUR OBTENIR UN DEVIS GRATUIT OU POUR TOUTE AUTRE DEMANDE, L\u2019\u00c9QUIPE DE LINKJUICE RESTE \u00c0 VOTRE ENTI\u00c8RE DISPOSITION. Via dell&rsquo; Artigianato, 35B \u2013 57122 Livorno (LI)T +39 3311332518F +39 05861581861contatti@linkjuice.it CEOSecteur e-commerce(Produits pour la maison)&#xE934;&#xE934;&#xE934;&#xE934;&#xE934; Nous avons commenc\u00e9 \u00e0 investir dans les strat\u00e9gies LinkJuice il y a six mois, et les r\u00e9sultats ont \u00e9t\u00e9 [&hellip;]<\/p>\n","protected":false},"author":2,"featured_media":0,"parent":0,"menu_order":0,"comment_status":"closed","ping_status":"closed","template":"","meta":{"footnotes":""},"class_list":["post-62285","page","type-page","status-publish","hentry"],"yoast_head":"<!-- This site is optimized with the Yoast SEO plugin v27.2 - https:\/\/yoast.com\/product\/yoast-seo-wordpress\/ -->\n<title>Contacts - Linkjuice<\/title>\n<meta name=\"robots\" content=\"index, follow, max-snippet:-1, max-image-preview:large, max-video-preview:-1\" \/>\n<link rel=\"canonical\" href=\"https:\/\/www.linkjuice.it\/fr\/contacts\/\" \/>\n<meta property=\"og:locale\" content=\"fr_FR\" \/>\n<meta property=\"og:type\" content=\"article\" \/>\n<meta property=\"og:title\" content=\"Contacts - Linkjuice\" \/>\n<meta property=\"og:description\" content=\"Contacts POUR OBTENIR UN DEVIS GRATUIT OU POUR TOUTE AUTRE DEMANDE, L\u2019\u00c9QUIPE DE LINKJUICE RESTE \u00c0 VOTRE ENTI\u00c8RE DISPOSITION. Via dell&rsquo; Artigianato, 35B \u2013 57122 Livorno (LI)T +39 3311332518F +39 05861581861contatti@linkjuice.it CEOSecteur e-commerce(Produits pour la maison)&#xE934;&#xE934;&#xE934;&#xE934;&#xE934; Nous avons commenc\u00e9 \u00e0 investir dans les strat\u00e9gies LinkJuice il y a six mois, et les r\u00e9sultats ont \u00e9t\u00e9 [&hellip;]\" \/>\n<meta property=\"og:url\" content=\"https:\/\/www.linkjuice.it\/fr\/contacts\/\" \/>\n<meta property=\"og:site_name\" content=\"Linkjuice\" \/>\n<meta property=\"article:modified_time\" content=\"2025-07-13T16:36:49+00:00\" \/>\n<meta property=\"og:image\" content=\"https:\/\/www.linkjuice.it\/wp-content\/uploads\/2025\/03\/bambino-triciclo.png\" \/>\n<meta name=\"twitter:card\" content=\"summary_large_image\" \/>\n<meta name=\"twitter:label1\" content=\"Dur\u00e9e de lecture estim\u00e9e\" \/>\n\t<meta name=\"twitter:data1\" content=\"3 minutes\" \/>\n<script type=\"application\/ld+json\" class=\"yoast-schema-graph\">{\"@context\":\"https:\/\/schema.org\",\"@graph\":[{\"@type\":\"WebPage\",\"@id\":\"https:\/\/www.linkjuice.it\/fr\/contacts\/\",\"url\":\"https:\/\/www.linkjuice.it\/fr\/contacts\/\",\"name\":\"Contacts - Linkjuice\",\"isPartOf\":{\"@id\":\"https:\/\/www.linkjuice.it\/fr\/#website\"},\"primaryImageOfPage\":{\"@id\":\"https:\/\/www.linkjuice.it\/fr\/contacts\/#primaryimage\"},\"image\":{\"@id\":\"https:\/\/www.linkjuice.it\/fr\/contacts\/#primaryimage\"},\"thumbnailUrl\":\"https:\/\/www.linkjuice.it\/wp-content\/uploads\/2025\/03\/bambino-triciclo.png\",\"datePublished\":\"2025-03-28T10:34:53+00:00\",\"dateModified\":\"2025-07-13T16:36:49+00:00\",\"breadcrumb\":{\"@id\":\"https:\/\/www.linkjuice.it\/fr\/contacts\/#breadcrumb\"},\"inLanguage\":\"fr-FR\",\"potentialAction\":[{\"@type\":\"ReadAction\",\"target\":[\"https:\/\/www.linkjuice.it\/fr\/contacts\/\"]}]},{\"@type\":\"ImageObject\",\"inLanguage\":\"fr-FR\",\"@id\":\"https:\/\/www.linkjuice.it\/fr\/contacts\/#primaryimage\",\"url\":\"https:\/\/www.linkjuice.it\/wp-content\/uploads\/2025\/03\/bambino-triciclo.png\",\"contentUrl\":\"https:\/\/www.linkjuice.it\/wp-content\/uploads\/2025\/03\/bambino-triciclo.png\"},{\"@type\":\"BreadcrumbList\",\"@id\":\"https:\/\/www.linkjuice.it\/fr\/contacts\/#breadcrumb\",\"itemListElement\":[{\"@type\":\"ListItem\",\"position\":1,\"name\":\"Home\",\"item\":\"https:\/\/www.linkjuice.it\/fr\/\"},{\"@type\":\"ListItem\",\"position\":2,\"name\":\"Contacts\"}]},{\"@type\":\"WebSite\",\"@id\":\"https:\/\/www.linkjuice.it\/fr\/#website\",\"url\":\"https:\/\/www.linkjuice.it\/fr\/\",\"name\":\"Linkjuice\",\"description\":\"\",\"publisher\":{\"@id\":\"https:\/\/www.linkjuice.it\/fr\/#organization\"},\"potentialAction\":[{\"@type\":\"SearchAction\",\"target\":{\"@type\":\"EntryPoint\",\"urlTemplate\":\"https:\/\/www.linkjuice.it\/fr\/?s={search_term_string}\"},\"query-input\":{\"@type\":\"PropertyValueSpecification\",\"valueRequired\":true,\"valueName\":\"search_term_string\"}}],\"inLanguage\":\"fr-FR\"},{\"@type\":\"Organization\",\"@id\":\"https:\/\/www.linkjuice.it\/fr\/#organization\",\"name\":\"Linkjuice\",\"url\":\"https:\/\/www.linkjuice.it\/fr\/\",\"logo\":{\"@type\":\"ImageObject\",\"inLanguage\":\"fr-FR\",\"@id\":\"https:\/\/www.linkjuice.it\/fr\/#\/schema\/logo\/image\/\",\"url\":\"https:\/\/www.linkjuice.it\/wp-content\/uploads\/2025\/02\/favicon-lj.png\",\"contentUrl\":\"https:\/\/www.linkjuice.it\/wp-content\/uploads\/2025\/02\/favicon-lj.png\",\"width\":200,\"height\":201,\"caption\":\"Linkjuice\"},\"image\":{\"@id\":\"https:\/\/www.linkjuice.it\/fr\/#\/schema\/logo\/image\/\"}}]}<\/script>\n<!-- \/ Yoast SEO plugin. -->","yoast_head_json":{"title":"Contacts - Linkjuice","robots":{"index":"index","follow":"follow","max-snippet":"max-snippet:-1","max-image-preview":"max-image-preview:large","max-video-preview":"max-video-preview:-1"},"canonical":"https:\/\/www.linkjuice.it\/fr\/contacts\/","og_locale":"fr_FR","og_type":"article","og_title":"Contacts - Linkjuice","og_description":"Contacts POUR OBTENIR UN DEVIS GRATUIT OU POUR TOUTE AUTRE DEMANDE, L\u2019\u00c9QUIPE DE LINKJUICE RESTE \u00c0 VOTRE ENTI\u00c8RE DISPOSITION. Via dell&rsquo; Artigianato, 35B \u2013 57122 Livorno (LI)T +39 3311332518F +39 05861581861contatti@linkjuice.it CEOSecteur e-commerce(Produits pour la maison)&#xE934;&#xE934;&#xE934;&#xE934;&#xE934; Nous avons commenc\u00e9 \u00e0 investir dans les strat\u00e9gies LinkJuice il y a six mois, et les r\u00e9sultats ont \u00e9t\u00e9 [&hellip;]","og_url":"https:\/\/www.linkjuice.it\/fr\/contacts\/","og_site_name":"Linkjuice","article_modified_time":"2025-07-13T16:36:49+00:00","og_image":[{"url":"https:\/\/www.linkjuice.it\/wp-content\/uploads\/2025\/03\/bambino-triciclo.png","type":"","width":"","height":""}],"twitter_card":"summary_large_image","twitter_misc":{"Dur\u00e9e de lecture estim\u00e9e":"3 minutes"},"schema":{"@context":"https:\/\/schema.org","@graph":[{"@type":"WebPage","@id":"https:\/\/www.linkjuice.it\/fr\/contacts\/","url":"https:\/\/www.linkjuice.it\/fr\/contacts\/","name":"Contacts - Linkjuice","isPartOf":{"@id":"https:\/\/www.linkjuice.it\/fr\/#website"},"primaryImageOfPage":{"@id":"https:\/\/www.linkjuice.it\/fr\/contacts\/#primaryimage"},"image":{"@id":"https:\/\/www.linkjuice.it\/fr\/contacts\/#primaryimage"},"thumbnailUrl":"https:\/\/www.linkjuice.it\/wp-content\/uploads\/2025\/03\/bambino-triciclo.png","datePublished":"2025-03-28T10:34:53+00:00","dateModified":"2025-07-13T16:36:49+00:00","breadcrumb":{"@id":"https:\/\/www.linkjuice.it\/fr\/contacts\/#breadcrumb"},"inLanguage":"fr-FR","potentialAction":[{"@type":"ReadAction","target":["https:\/\/www.linkjuice.it\/fr\/contacts\/"]}]},{"@type":"ImageObject","inLanguage":"fr-FR","@id":"https:\/\/www.linkjuice.it\/fr\/contacts\/#primaryimage","url":"https:\/\/www.linkjuice.it\/wp-content\/uploads\/2025\/03\/bambino-triciclo.png","contentUrl":"https:\/\/www.linkjuice.it\/wp-content\/uploads\/2025\/03\/bambino-triciclo.png"},{"@type":"BreadcrumbList","@id":"https:\/\/www.linkjuice.it\/fr\/contacts\/#breadcrumb","itemListElement":[{"@type":"ListItem","position":1,"name":"Home","item":"https:\/\/www.linkjuice.it\/fr\/"},{"@type":"ListItem","position":2,"name":"Contacts"}]},{"@type":"WebSite","@id":"https:\/\/www.linkjuice.it\/fr\/#website","url":"https:\/\/www.linkjuice.it\/fr\/","name":"Linkjuice","description":"","publisher":{"@id":"https:\/\/www.linkjuice.it\/fr\/#organization"},"potentialAction":[{"@type":"SearchAction","target":{"@type":"EntryPoint","urlTemplate":"https:\/\/www.linkjuice.it\/fr\/?s={search_term_string}"},"query-input":{"@type":"PropertyValueSpecification","valueRequired":true,"valueName":"search_term_string"}}],"inLanguage":"fr-FR"},{"@type":"Organization","@id":"https:\/\/www.linkjuice.it\/fr\/#organization","name":"Linkjuice","url":"https:\/\/www.linkjuice.it\/fr\/","logo":{"@type":"ImageObject","inLanguage":"fr-FR","@id":"https:\/\/www.linkjuice.it\/fr\/#\/schema\/logo\/image\/","url":"https:\/\/www.linkjuice.it\/wp-content\/uploads\/2025\/02\/favicon-lj.png","contentUrl":"https:\/\/www.linkjuice.it\/wp-content\/uploads\/2025\/02\/favicon-lj.png","width":200,"height":201,"caption":"Linkjuice"},"image":{"@id":"https:\/\/www.linkjuice.it\/fr\/#\/schema\/logo\/image\/"}}]}},"_links":{"self":[{"href":"https:\/\/www.linkjuice.it\/fr\/wp-json\/wp\/v2\/pages\/62285","targetHints":{"allow":["GET"]}}],"collection":[{"href":"https:\/\/www.linkjuice.it\/fr\/wp-json\/wp\/v2\/pages"}],"about":[{"href":"https:\/\/www.linkjuice.it\/fr\/wp-json\/wp\/v2\/types\/page"}],"author":[{"embeddable":true,"href":"https:\/\/www.linkjuice.it\/fr\/wp-json\/wp\/v2\/users\/2"}],"replies":[{"embeddable":true,"href":"https:\/\/www.linkjuice.it\/fr\/wp-json\/wp\/v2\/comments?post=62285"}],"version-history":[{"count":5,"href":"https:\/\/www.linkjuice.it\/fr\/wp-json\/wp\/v2\/pages\/62285\/revisions"}],"predecessor-version":[{"id":62903,"href":"https:\/\/www.linkjuice.it\/fr\/wp-json\/wp\/v2\/pages\/62285\/revisions\/62903"}],"wp:attachment":[{"href":"https:\/\/www.linkjuice.it\/fr\/wp-json\/wp\/v2\/media?parent=62285"}],"curies":[{"name":"wp","href":"https:\/\/api.w.org\/{rel}","templated":true}]}}