{"id":62245,"date":"2025-03-28T16:33:26","date_gmt":"2025-03-28T15:33:26","guid":{"rendered":"https:\/\/linkjuice.development-juice.com\/fonds-recus-de-la-region-de-toscane-appel-a-projets-internationalisation-2023\/"},"modified":"2025-08-04T16:52:51","modified_gmt":"2025-08-04T14:52:51","slug":"fonds-recus-de-la-region-de-toscane-appel-a-projets-internationalisation-2023","status":"publish","type":"page","link":"https:\/\/www.linkjuice.it\/fr\/fonds-recus-de-la-region-de-toscane-appel-a-projets-internationalisation-2023\/","title":{"rendered":"Fonds re\u00e7us de la R\u00e9gion de Toscane Appel \u00e0 projets internationalisation 2023"},"content":{"rendered":"<h1>LinkJuice d\u00e9barque au Royaume-Uni<\/h1>\n<p><b>Titre du projet<\/b>: LinkJuice d\u00e9barque au Royaume-Uni<\/p>\n<p><b>R\u00e9sum\u00e9<\/b>: Le projet consiste en la participation \u00e0 la Foire Internationale et Digital We Make Future, ainsi qu\u2019\u00e0 des activit\u00e9s digitales visant \u00e0 accro\u00eetre la visibilit\u00e9 internationale de notre entreprise et \u00e0 toucher un plus grand nombre de clients potentiels et d\u2019acteurs du secteur, notamment au Royaume-Uni, pays cible du projet, ainsi qu\u2019\u00e0 la cr\u00e9ation d\u2019une plateforme pour la gestion des relations avec les \u00e9diteurs internationaux.<\/p>\n<p><b>Objectifs<\/b>: promouvoir nos services aupr\u00e8s de clients du monde entier, d\u00e9veloppant et consolidant ainsi notre activit\u00e9 internationale ; augmenter la visibilit\u00e9 internationale de nos services ; \u00e9largir nos contacts \u00e9trangers ; renforcer la reconnaissance de la marque.<\/p>\n<p><b>R\u00e9sultats attendus<\/b>: g\u00e9n\u00e9rer une audience active qui connaisse notre marque, particuli\u00e8rement au Royaume-Uni.<\/p>\n<p><b>Co\u00fbt total du projet<\/b>: \u20ac 62.430,00<\/p>\n<p><b>CONTRIBUTION ATTRIBU\u00c9E<\/b>: \u20ac 23.300,00<\/p>\n<p><b>Dur\u00e9e du projet <\/b>: Avril 2024 \u2013 D\u00e9cembre 2024<\/p>\n<p>\t\t\t\t\t\t\t\t\t\t\t\t\t\t\t<img fetchpriority=\"high\" decoding=\"async\" width=\"7570\" height=\"750\" src=\"https:\/\/www.linkjuice.it\/wp-content\/uploads\/2025\/03\/Fascia-loghi-AI.png\" alt=\"\" srcset=\"https:\/\/www.linkjuice.it\/wp-content\/uploads\/2025\/03\/Fascia-loghi-AI.png 7570w, https:\/\/www.linkjuice.it\/wp-content\/uploads\/2025\/03\/Fascia-loghi-AI-300x30.png 300w, https:\/\/www.linkjuice.it\/wp-content\/uploads\/2025\/03\/Fascia-loghi-AI-1024x101.png 1024w, https:\/\/www.linkjuice.it\/wp-content\/uploads\/2025\/03\/Fascia-loghi-AI-768x76.png 768w, https:\/\/www.linkjuice.it\/wp-content\/uploads\/2025\/03\/Fascia-loghi-AI-1536x152.png 1536w, https:\/\/www.linkjuice.it\/wp-content\/uploads\/2025\/03\/Fascia-loghi-AI-2048x203.png 2048w\" sizes=\"(max-width: 7570px) 100vw, 7570px\" \/><\/p>\n","protected":false},"excerpt":{"rendered":"<p>LinkJuice d\u00e9barque au Royaume-Uni Titre du projet: LinkJuice d\u00e9barque au Royaume-Uni R\u00e9sum\u00e9: Le projet consiste en la participation \u00e0 la Foire Internationale et Digital We Make Future, ainsi qu\u2019\u00e0 des activit\u00e9s digitales visant \u00e0 accro\u00eetre la visibilit\u00e9 internationale de notre entreprise et \u00e0 toucher un plus grand nombre de clients potentiels et d\u2019acteurs du secteur, [&hellip;]<\/p>\n","protected":false},"author":2,"featured_media":0,"parent":0,"menu_order":0,"comment_status":"closed","ping_status":"closed","template":"","meta":{"footnotes":""},"class_list":["post-62245","page","type-page","status-publish","hentry"],"yoast_head":"<!-- This site is optimized with the Yoast SEO plugin v27.2 - https:\/\/yoast.com\/product\/yoast-seo-wordpress\/ -->\n<title>Fonds re\u00e7us de la R\u00e9gion de Toscane Appel \u00e0 projets internationalisation 2023 - Linkjuice<\/title>\n<meta name=\"robots\" content=\"index, follow, max-snippet:-1, max-image-preview:large, max-video-preview:-1\" \/>\n<link rel=\"canonical\" href=\"https:\/\/www.linkjuice.it\/fr\/fonds-recus-de-la-region-de-toscane-appel-a-projets-internationalisation-2023\/\" \/>\n<meta property=\"og:locale\" content=\"fr_FR\" \/>\n<meta property=\"og:type\" content=\"article\" \/>\n<meta property=\"og:title\" content=\"Fonds re\u00e7us de la R\u00e9gion de Toscane Appel \u00e0 projets internationalisation 2023 - Linkjuice\" \/>\n<meta property=\"og:description\" content=\"LinkJuice d\u00e9barque au Royaume-Uni Titre du projet: LinkJuice d\u00e9barque au Royaume-Uni R\u00e9sum\u00e9: Le projet consiste en la participation \u00e0 la Foire Internationale et Digital We Make Future, ainsi qu\u2019\u00e0 des activit\u00e9s digitales visant \u00e0 accro\u00eetre la visibilit\u00e9 internationale de notre entreprise et \u00e0 toucher un plus grand nombre de clients potentiels et d\u2019acteurs du secteur, [&hellip;]\" \/>\n<meta property=\"og:url\" content=\"https:\/\/www.linkjuice.it\/fr\/fonds-recus-de-la-region-de-toscane-appel-a-projets-internationalisation-2023\/\" \/>\n<meta property=\"og:site_name\" content=\"Linkjuice\" \/>\n<meta property=\"article:modified_time\" content=\"2025-08-04T14:52:51+00:00\" \/>\n<meta property=\"og:image\" content=\"https:\/\/www.linkjuice.it\/wp-content\/uploads\/2025\/03\/Fascia-loghi-AI.png\" \/>\n<meta name=\"twitter:card\" content=\"summary_large_image\" \/>\n<meta name=\"twitter:label1\" content=\"Dur\u00e9e de lecture estim\u00e9e\" \/>\n\t<meta name=\"twitter:data1\" content=\"1 minute\" \/>\n<script type=\"application\/ld+json\" class=\"yoast-schema-graph\">{\"@context\":\"https:\/\/schema.org\",\"@graph\":[{\"@type\":\"WebPage\",\"@id\":\"https:\/\/www.linkjuice.it\/fr\/fonds-recus-de-la-region-de-toscane-appel-a-projets-internationalisation-2023\/\",\"url\":\"https:\/\/www.linkjuice.it\/fr\/fonds-recus-de-la-region-de-toscane-appel-a-projets-internationalisation-2023\/\",\"name\":\"Fonds re\u00e7us de la R\u00e9gion de Toscane Appel \u00e0 projets internationalisation 2023 - Linkjuice\",\"isPartOf\":{\"@id\":\"https:\/\/www.linkjuice.it\/fr\/#website\"},\"primaryImageOfPage\":{\"@id\":\"https:\/\/www.linkjuice.it\/fr\/fonds-recus-de-la-region-de-toscane-appel-a-projets-internationalisation-2023\/#primaryimage\"},\"image\":{\"@id\":\"https:\/\/www.linkjuice.it\/fr\/fonds-recus-de-la-region-de-toscane-appel-a-projets-internationalisation-2023\/#primaryimage\"},\"thumbnailUrl\":\"https:\/\/www.linkjuice.it\/wp-content\/uploads\/2025\/03\/Fascia-loghi-AI.png\",\"datePublished\":\"2025-03-28T15:33:26+00:00\",\"dateModified\":\"2025-08-04T14:52:51+00:00\",\"breadcrumb\":{\"@id\":\"https:\/\/www.linkjuice.it\/fr\/fonds-recus-de-la-region-de-toscane-appel-a-projets-internationalisation-2023\/#breadcrumb\"},\"inLanguage\":\"fr-FR\",\"potentialAction\":[{\"@type\":\"ReadAction\",\"target\":[\"https:\/\/www.linkjuice.it\/fr\/fonds-recus-de-la-region-de-toscane-appel-a-projets-internationalisation-2023\/\"]}]},{\"@type\":\"ImageObject\",\"inLanguage\":\"fr-FR\",\"@id\":\"https:\/\/www.linkjuice.it\/fr\/fonds-recus-de-la-region-de-toscane-appel-a-projets-internationalisation-2023\/#primaryimage\",\"url\":\"https:\/\/www.linkjuice.it\/wp-content\/uploads\/2025\/03\/Fascia-loghi-AI.png\",\"contentUrl\":\"https:\/\/www.linkjuice.it\/wp-content\/uploads\/2025\/03\/Fascia-loghi-AI.png\"},{\"@type\":\"BreadcrumbList\",\"@id\":\"https:\/\/www.linkjuice.it\/fr\/fonds-recus-de-la-region-de-toscane-appel-a-projets-internationalisation-2023\/#breadcrumb\",\"itemListElement\":[{\"@type\":\"ListItem\",\"position\":1,\"name\":\"Home\",\"item\":\"https:\/\/www.linkjuice.it\/fr\/\"},{\"@type\":\"ListItem\",\"position\":2,\"name\":\"Fonds re\u00e7us de la R\u00e9gion de Toscane Appel \u00e0 projets internationalisation 2023\"}]},{\"@type\":\"WebSite\",\"@id\":\"https:\/\/www.linkjuice.it\/fr\/#website\",\"url\":\"https:\/\/www.linkjuice.it\/fr\/\",\"name\":\"Linkjuice\",\"description\":\"\",\"publisher\":{\"@id\":\"https:\/\/www.linkjuice.it\/fr\/#organization\"},\"potentialAction\":[{\"@type\":\"SearchAction\",\"target\":{\"@type\":\"EntryPoint\",\"urlTemplate\":\"https:\/\/www.linkjuice.it\/fr\/?s={search_term_string}\"},\"query-input\":{\"@type\":\"PropertyValueSpecification\",\"valueRequired\":true,\"valueName\":\"search_term_string\"}}],\"inLanguage\":\"fr-FR\"},{\"@type\":\"Organization\",\"@id\":\"https:\/\/www.linkjuice.it\/fr\/#organization\",\"name\":\"Linkjuice\",\"url\":\"https:\/\/www.linkjuice.it\/fr\/\",\"logo\":{\"@type\":\"ImageObject\",\"inLanguage\":\"fr-FR\",\"@id\":\"https:\/\/www.linkjuice.it\/fr\/#\/schema\/logo\/image\/\",\"url\":\"https:\/\/www.linkjuice.it\/wp-content\/uploads\/2025\/02\/favicon-lj.png\",\"contentUrl\":\"https:\/\/www.linkjuice.it\/wp-content\/uploads\/2025\/02\/favicon-lj.png\",\"width\":200,\"height\":201,\"caption\":\"Linkjuice\"},\"image\":{\"@id\":\"https:\/\/www.linkjuice.it\/fr\/#\/schema\/logo\/image\/\"}}]}<\/script>\n<!-- \/ Yoast SEO plugin. -->","yoast_head_json":{"title":"Fonds re\u00e7us de la R\u00e9gion de Toscane Appel \u00e0 projets internationalisation 2023 - Linkjuice","robots":{"index":"index","follow":"follow","max-snippet":"max-snippet:-1","max-image-preview":"max-image-preview:large","max-video-preview":"max-video-preview:-1"},"canonical":"https:\/\/www.linkjuice.it\/fr\/fonds-recus-de-la-region-de-toscane-appel-a-projets-internationalisation-2023\/","og_locale":"fr_FR","og_type":"article","og_title":"Fonds re\u00e7us de la R\u00e9gion de Toscane Appel \u00e0 projets internationalisation 2023 - Linkjuice","og_description":"LinkJuice d\u00e9barque au Royaume-Uni Titre du projet: LinkJuice d\u00e9barque au Royaume-Uni R\u00e9sum\u00e9: Le projet consiste en la participation \u00e0 la Foire Internationale et Digital We Make Future, ainsi qu\u2019\u00e0 des activit\u00e9s digitales visant \u00e0 accro\u00eetre la visibilit\u00e9 internationale de notre entreprise et \u00e0 toucher un plus grand nombre de clients potentiels et d\u2019acteurs du secteur, [&hellip;]","og_url":"https:\/\/www.linkjuice.it\/fr\/fonds-recus-de-la-region-de-toscane-appel-a-projets-internationalisation-2023\/","og_site_name":"Linkjuice","article_modified_time":"2025-08-04T14:52:51+00:00","og_image":[{"url":"https:\/\/www.linkjuice.it\/wp-content\/uploads\/2025\/03\/Fascia-loghi-AI.png","type":"","width":"","height":""}],"twitter_card":"summary_large_image","twitter_misc":{"Dur\u00e9e de lecture estim\u00e9e":"1 minute"},"schema":{"@context":"https:\/\/schema.org","@graph":[{"@type":"WebPage","@id":"https:\/\/www.linkjuice.it\/fr\/fonds-recus-de-la-region-de-toscane-appel-a-projets-internationalisation-2023\/","url":"https:\/\/www.linkjuice.it\/fr\/fonds-recus-de-la-region-de-toscane-appel-a-projets-internationalisation-2023\/","name":"Fonds re\u00e7us de la R\u00e9gion de Toscane Appel \u00e0 projets internationalisation 2023 - Linkjuice","isPartOf":{"@id":"https:\/\/www.linkjuice.it\/fr\/#website"},"primaryImageOfPage":{"@id":"https:\/\/www.linkjuice.it\/fr\/fonds-recus-de-la-region-de-toscane-appel-a-projets-internationalisation-2023\/#primaryimage"},"image":{"@id":"https:\/\/www.linkjuice.it\/fr\/fonds-recus-de-la-region-de-toscane-appel-a-projets-internationalisation-2023\/#primaryimage"},"thumbnailUrl":"https:\/\/www.linkjuice.it\/wp-content\/uploads\/2025\/03\/Fascia-loghi-AI.png","datePublished":"2025-03-28T15:33:26+00:00","dateModified":"2025-08-04T14:52:51+00:00","breadcrumb":{"@id":"https:\/\/www.linkjuice.it\/fr\/fonds-recus-de-la-region-de-toscane-appel-a-projets-internationalisation-2023\/#breadcrumb"},"inLanguage":"fr-FR","potentialAction":[{"@type":"ReadAction","target":["https:\/\/www.linkjuice.it\/fr\/fonds-recus-de-la-region-de-toscane-appel-a-projets-internationalisation-2023\/"]}]},{"@type":"ImageObject","inLanguage":"fr-FR","@id":"https:\/\/www.linkjuice.it\/fr\/fonds-recus-de-la-region-de-toscane-appel-a-projets-internationalisation-2023\/#primaryimage","url":"https:\/\/www.linkjuice.it\/wp-content\/uploads\/2025\/03\/Fascia-loghi-AI.png","contentUrl":"https:\/\/www.linkjuice.it\/wp-content\/uploads\/2025\/03\/Fascia-loghi-AI.png"},{"@type":"BreadcrumbList","@id":"https:\/\/www.linkjuice.it\/fr\/fonds-recus-de-la-region-de-toscane-appel-a-projets-internationalisation-2023\/#breadcrumb","itemListElement":[{"@type":"ListItem","position":1,"name":"Home","item":"https:\/\/www.linkjuice.it\/fr\/"},{"@type":"ListItem","position":2,"name":"Fonds re\u00e7us de la R\u00e9gion de Toscane Appel \u00e0 projets internationalisation 2023"}]},{"@type":"WebSite","@id":"https:\/\/www.linkjuice.it\/fr\/#website","url":"https:\/\/www.linkjuice.it\/fr\/","name":"Linkjuice","description":"","publisher":{"@id":"https:\/\/www.linkjuice.it\/fr\/#organization"},"potentialAction":[{"@type":"SearchAction","target":{"@type":"EntryPoint","urlTemplate":"https:\/\/www.linkjuice.it\/fr\/?s={search_term_string}"},"query-input":{"@type":"PropertyValueSpecification","valueRequired":true,"valueName":"search_term_string"}}],"inLanguage":"fr-FR"},{"@type":"Organization","@id":"https:\/\/www.linkjuice.it\/fr\/#organization","name":"Linkjuice","url":"https:\/\/www.linkjuice.it\/fr\/","logo":{"@type":"ImageObject","inLanguage":"fr-FR","@id":"https:\/\/www.linkjuice.it\/fr\/#\/schema\/logo\/image\/","url":"https:\/\/www.linkjuice.it\/wp-content\/uploads\/2025\/02\/favicon-lj.png","contentUrl":"https:\/\/www.linkjuice.it\/wp-content\/uploads\/2025\/02\/favicon-lj.png","width":200,"height":201,"caption":"Linkjuice"},"image":{"@id":"https:\/\/www.linkjuice.it\/fr\/#\/schema\/logo\/image\/"}}]}},"_links":{"self":[{"href":"https:\/\/www.linkjuice.it\/fr\/wp-json\/wp\/v2\/pages\/62245","targetHints":{"allow":["GET"]}}],"collection":[{"href":"https:\/\/www.linkjuice.it\/fr\/wp-json\/wp\/v2\/pages"}],"about":[{"href":"https:\/\/www.linkjuice.it\/fr\/wp-json\/wp\/v2\/types\/page"}],"author":[{"embeddable":true,"href":"https:\/\/www.linkjuice.it\/fr\/wp-json\/wp\/v2\/users\/2"}],"replies":[{"embeddable":true,"href":"https:\/\/www.linkjuice.it\/fr\/wp-json\/wp\/v2\/comments?post=62245"}],"version-history":[{"count":3,"href":"https:\/\/www.linkjuice.it\/fr\/wp-json\/wp\/v2\/pages\/62245\/revisions"}],"predecessor-version":[{"id":62917,"href":"https:\/\/www.linkjuice.it\/fr\/wp-json\/wp\/v2\/pages\/62245\/revisions\/62917"}],"wp:attachment":[{"href":"https:\/\/www.linkjuice.it\/fr\/wp-json\/wp\/v2\/media?parent=62245"}],"curies":[{"name":"wp","href":"https:\/\/api.w.org\/{rel}","templated":true}]}}