{"id":62241,"date":"2025-03-31T16:41:13","date_gmt":"2025-03-31T14:41:13","guid":{"rendered":"https:\/\/linkjuice.development-juice.com\/cookie-policy\/"},"modified":"2025-08-07T20:10:15","modified_gmt":"2025-08-07T18:10:15","slug":"privacy-policy","status":"publish","type":"page","link":"https:\/\/www.linkjuice.it\/es\/privacy-policy\/","title":{"rendered":"Pol\u00edtica de privacidad"},"content":{"rendered":"<h1>Pol\u00edtica de privacidad<\/h1>\n<h3><b>Aviso para usuarios europeos<\/b><\/h3>\n<p>Esta pol\u00edtica de privacidad ha sido redactada de conformidad con la Directiva 95\/46\/CE y la Directiva 2002\/58\/CE, actualizada por la Directiva 2009\/136\/CE.<\/p>\n<\/p>\n<h3><b>1. Finalidad<\/b><\/h3>\n<p>Esta pol\u00edtica se aplica \u00fanicamente a este sitio web y describe c\u00f3mo recopilamos, procesamos, almacenamos y protegemos los datos personales de los usuarios.<\/p>\n<\/p>\n<h3><b>2. Responsable del tratamiento<\/b><\/h3>\n<p><b>LinkJuice Srl<\/b><b><br \/><\/b>Via Calzabigi, 4 \u2014 57125 Livorno (LI), Italy<br \/>Email: elisa.soggia@linkjuice.it<\/p>\n<\/p>\n<h3><b>3. Recogida y tratamiento de datos<\/b><\/h3>\n<ul>\n<li>Solo se recogen los datos necesarios para el funcionamiento t\u00e9cnico del sitio (cookies esenciales).<\/li>\n<li>Cualquier tratamiento adicional (an\u00e1lisis, marketing) se realiza solo con el consentimiento expl\u00edcito.<\/li>\n<li>Los usuarios pueden gestionar o eliminar cookies desde su navegador.<\/li>\n<li>Herramientas de terceros pueden recopilar otros datos; consulta sus pol\u00edticas espec\u00edficas.<\/li>\n<li>Gesti\u00f3n de preferencias tambi\u00e9n disponible a trav\u00e9s de <b>Your Online Choices<\/b>.<\/li>\n<\/ul>\n<h3><b>4. Base jur\u00eddica<\/b><\/h3>\n<p>Los datos se tratan conforme a la normativa europea (Directivas 95\/46\/CE, 2002\/58\/CE y 2009\/136\/CE).<\/p>\n<\/p>\n<h3><b>5. Derechos del usuario<\/b><\/h3>\n<p>En cualquier momento, los usuarios pueden:<\/p>\n<ul>\n<li aria-level=\"1\">Acceder, modificar o eliminar sus datos,<\/li>\n<li aria-level=\"1\">Retirar su consentimiento,<\/li>\n<li aria-level=\"1\">Oponerse al tratamiento,<\/li>\n<li aria-level=\"1\">Presentar una reclamaci\u00f3n ante una autoridad de control.\n<\/p>\n<\/li>\n<\/ul>\n<h3><b>6. Actualizaciones<\/b><\/h3>\n<p>Esta pol\u00edtica puede modificarse sin previo aviso. Se recomienda revisarla con regularidad. <\/p>\n","protected":false},"excerpt":{"rendered":"<p>Pol\u00edtica de privacidad Aviso para usuarios europeos Esta pol\u00edtica de privacidad ha sido redactada de conformidad con la Directiva 95\/46\/CE y la Directiva 2002\/58\/CE, actualizada por la Directiva 2009\/136\/CE. 1. Finalidad Esta pol\u00edtica se aplica \u00fanicamente a este sitio web y describe c\u00f3mo recopilamos, procesamos, almacenamos y protegemos los datos personales de los usuarios. 2. [&hellip;]<\/p>\n","protected":false},"author":2,"featured_media":0,"parent":0,"menu_order":0,"comment_status":"closed","ping_status":"closed","template":"","meta":{"footnotes":""},"class_list":["post-62241","page","type-page","status-publish","hentry"],"yoast_head":"<!-- This site is optimized with the Yoast SEO plugin v27.2 - https:\/\/yoast.com\/product\/yoast-seo-wordpress\/ -->\n<title>Pol\u00edtica de privacidad - Linkjuice<\/title>\n<meta name=\"robots\" content=\"index, follow, max-snippet:-1, max-image-preview:large, max-video-preview:-1\" \/>\n<link rel=\"canonical\" href=\"https:\/\/www.linkjuice.it\/es\/privacy-policy\/\" \/>\n<meta property=\"og:locale\" content=\"es_ES\" \/>\n<meta property=\"og:type\" content=\"article\" \/>\n<meta property=\"og:title\" content=\"Pol\u00edtica de privacidad - Linkjuice\" \/>\n<meta property=\"og:description\" content=\"Pol\u00edtica de privacidad Aviso para usuarios europeos Esta pol\u00edtica de privacidad ha sido redactada de conformidad con la Directiva 95\/46\/CE y la Directiva 2002\/58\/CE, actualizada por la Directiva 2009\/136\/CE. 1. Finalidad Esta pol\u00edtica se aplica \u00fanicamente a este sitio web y describe c\u00f3mo recopilamos, procesamos, almacenamos y protegemos los datos personales de los usuarios. 2. [&hellip;]\" \/>\n<meta property=\"og:url\" content=\"https:\/\/www.linkjuice.it\/es\/privacy-policy\/\" \/>\n<meta property=\"og:site_name\" content=\"Linkjuice\" \/>\n<meta property=\"article:modified_time\" content=\"2025-08-07T18:10:15+00:00\" \/>\n<meta name=\"twitter:card\" content=\"summary_large_image\" \/>\n<meta name=\"twitter:label1\" content=\"Tiempo de lectura\" \/>\n\t<meta name=\"twitter:data1\" content=\"1 minuto\" \/>\n<script type=\"application\/ld+json\" class=\"yoast-schema-graph\">{\"@context\":\"https:\/\/schema.org\",\"@graph\":[{\"@type\":\"WebPage\",\"@id\":\"https:\/\/www.linkjuice.it\/es\/privacy-policy\/\",\"url\":\"https:\/\/www.linkjuice.it\/es\/privacy-policy\/\",\"name\":\"Pol\u00edtica de privacidad - Linkjuice\",\"isPartOf\":{\"@id\":\"https:\/\/www.linkjuice.it\/es\/#website\"},\"datePublished\":\"2025-03-31T14:41:13+00:00\",\"dateModified\":\"2025-08-07T18:10:15+00:00\",\"breadcrumb\":{\"@id\":\"https:\/\/www.linkjuice.it\/es\/privacy-policy\/#breadcrumb\"},\"inLanguage\":\"es\",\"potentialAction\":[{\"@type\":\"ReadAction\",\"target\":[\"https:\/\/www.linkjuice.it\/es\/privacy-policy\/\"]}]},{\"@type\":\"BreadcrumbList\",\"@id\":\"https:\/\/www.linkjuice.it\/es\/privacy-policy\/#breadcrumb\",\"itemListElement\":[{\"@type\":\"ListItem\",\"position\":1,\"name\":\"Home\",\"item\":\"https:\/\/www.linkjuice.it\/es\/\"},{\"@type\":\"ListItem\",\"position\":2,\"name\":\"Pol\u00edtica de privacidad\"}]},{\"@type\":\"WebSite\",\"@id\":\"https:\/\/www.linkjuice.it\/es\/#website\",\"url\":\"https:\/\/www.linkjuice.it\/es\/\",\"name\":\"Linkjuice\",\"description\":\"\",\"publisher\":{\"@id\":\"https:\/\/www.linkjuice.it\/es\/#organization\"},\"potentialAction\":[{\"@type\":\"SearchAction\",\"target\":{\"@type\":\"EntryPoint\",\"urlTemplate\":\"https:\/\/www.linkjuice.it\/es\/?s={search_term_string}\"},\"query-input\":{\"@type\":\"PropertyValueSpecification\",\"valueRequired\":true,\"valueName\":\"search_term_string\"}}],\"inLanguage\":\"es\"},{\"@type\":\"Organization\",\"@id\":\"https:\/\/www.linkjuice.it\/es\/#organization\",\"name\":\"Linkjuice\",\"url\":\"https:\/\/www.linkjuice.it\/es\/\",\"logo\":{\"@type\":\"ImageObject\",\"inLanguage\":\"es\",\"@id\":\"https:\/\/www.linkjuice.it\/es\/#\/schema\/logo\/image\/\",\"url\":\"https:\/\/www.linkjuice.it\/wp-content\/uploads\/2025\/02\/favicon-lj.png\",\"contentUrl\":\"https:\/\/www.linkjuice.it\/wp-content\/uploads\/2025\/02\/favicon-lj.png\",\"width\":200,\"height\":201,\"caption\":\"Linkjuice\"},\"image\":{\"@id\":\"https:\/\/www.linkjuice.it\/es\/#\/schema\/logo\/image\/\"}}]}<\/script>\n<!-- \/ Yoast SEO plugin. -->","yoast_head_json":{"title":"Pol\u00edtica de privacidad - Linkjuice","robots":{"index":"index","follow":"follow","max-snippet":"max-snippet:-1","max-image-preview":"max-image-preview:large","max-video-preview":"max-video-preview:-1"},"canonical":"https:\/\/www.linkjuice.it\/es\/privacy-policy\/","og_locale":"es_ES","og_type":"article","og_title":"Pol\u00edtica de privacidad - Linkjuice","og_description":"Pol\u00edtica de privacidad Aviso para usuarios europeos Esta pol\u00edtica de privacidad ha sido redactada de conformidad con la Directiva 95\/46\/CE y la Directiva 2002\/58\/CE, actualizada por la Directiva 2009\/136\/CE. 1. Finalidad Esta pol\u00edtica se aplica \u00fanicamente a este sitio web y describe c\u00f3mo recopilamos, procesamos, almacenamos y protegemos los datos personales de los usuarios. 2. [&hellip;]","og_url":"https:\/\/www.linkjuice.it\/es\/privacy-policy\/","og_site_name":"Linkjuice","article_modified_time":"2025-08-07T18:10:15+00:00","twitter_card":"summary_large_image","twitter_misc":{"Tiempo de lectura":"1 minuto"},"schema":{"@context":"https:\/\/schema.org","@graph":[{"@type":"WebPage","@id":"https:\/\/www.linkjuice.it\/es\/privacy-policy\/","url":"https:\/\/www.linkjuice.it\/es\/privacy-policy\/","name":"Pol\u00edtica de privacidad - Linkjuice","isPartOf":{"@id":"https:\/\/www.linkjuice.it\/es\/#website"},"datePublished":"2025-03-31T14:41:13+00:00","dateModified":"2025-08-07T18:10:15+00:00","breadcrumb":{"@id":"https:\/\/www.linkjuice.it\/es\/privacy-policy\/#breadcrumb"},"inLanguage":"es","potentialAction":[{"@type":"ReadAction","target":["https:\/\/www.linkjuice.it\/es\/privacy-policy\/"]}]},{"@type":"BreadcrumbList","@id":"https:\/\/www.linkjuice.it\/es\/privacy-policy\/#breadcrumb","itemListElement":[{"@type":"ListItem","position":1,"name":"Home","item":"https:\/\/www.linkjuice.it\/es\/"},{"@type":"ListItem","position":2,"name":"Pol\u00edtica de privacidad"}]},{"@type":"WebSite","@id":"https:\/\/www.linkjuice.it\/es\/#website","url":"https:\/\/www.linkjuice.it\/es\/","name":"Linkjuice","description":"","publisher":{"@id":"https:\/\/www.linkjuice.it\/es\/#organization"},"potentialAction":[{"@type":"SearchAction","target":{"@type":"EntryPoint","urlTemplate":"https:\/\/www.linkjuice.it\/es\/?s={search_term_string}"},"query-input":{"@type":"PropertyValueSpecification","valueRequired":true,"valueName":"search_term_string"}}],"inLanguage":"es"},{"@type":"Organization","@id":"https:\/\/www.linkjuice.it\/es\/#organization","name":"Linkjuice","url":"https:\/\/www.linkjuice.it\/es\/","logo":{"@type":"ImageObject","inLanguage":"es","@id":"https:\/\/www.linkjuice.it\/es\/#\/schema\/logo\/image\/","url":"https:\/\/www.linkjuice.it\/wp-content\/uploads\/2025\/02\/favicon-lj.png","contentUrl":"https:\/\/www.linkjuice.it\/wp-content\/uploads\/2025\/02\/favicon-lj.png","width":200,"height":201,"caption":"Linkjuice"},"image":{"@id":"https:\/\/www.linkjuice.it\/es\/#\/schema\/logo\/image\/"}}]}},"_links":{"self":[{"href":"https:\/\/www.linkjuice.it\/es\/wp-json\/wp\/v2\/pages\/62241","targetHints":{"allow":["GET"]}}],"collection":[{"href":"https:\/\/www.linkjuice.it\/es\/wp-json\/wp\/v2\/pages"}],"about":[{"href":"https:\/\/www.linkjuice.it\/es\/wp-json\/wp\/v2\/types\/page"}],"author":[{"embeddable":true,"href":"https:\/\/www.linkjuice.it\/es\/wp-json\/wp\/v2\/users\/2"}],"replies":[{"embeddable":true,"href":"https:\/\/www.linkjuice.it\/es\/wp-json\/wp\/v2\/comments?post=62241"}],"version-history":[{"count":6,"href":"https:\/\/www.linkjuice.it\/es\/wp-json\/wp\/v2\/pages\/62241\/revisions"}],"predecessor-version":[{"id":63243,"href":"https:\/\/www.linkjuice.it\/es\/wp-json\/wp\/v2\/pages\/62241\/revisions\/63243"}],"wp:attachment":[{"href":"https:\/\/www.linkjuice.it\/es\/wp-json\/wp\/v2\/media?parent=62241"}],"curies":[{"name":"wp","href":"https:\/\/api.w.org\/{rel}","templated":true}]}}