{"id":63178,"date":"2025-08-07T19:02:46","date_gmt":"2025-08-07T17:02:46","guid":{"rendered":"https:\/\/www.linkjuice.it\/?page_id=63178"},"modified":"2025-08-07T19:36:19","modified_gmt":"2025-08-07T17:36:19","slug":"cookie-policy-3","status":"publish","type":"page","link":"https:\/\/www.linkjuice.it\/de\/cookie-policy-3\/","title":{"rendered":"Cookie Policy"},"content":{"rendered":"<h1>Cookie Policy<\/h1>\n<p><b>Was sind Cookies?<\/b><\/p>\n<p>Cookies sind kleine Textdateien, die von den besuchten Websites an die Ger\u00e4te der Nutzer gesendet werden, wo sie gespeichert werden, um bei sp\u00e4teren Besuchen erneut an dieselben Websites \u00fcbermittelt zu werden.<\/p>\n<p>Cookies werden zu unterschiedlichen Zwecken verwendet, haben unterschiedliche Eigenschaften und k\u00f6nnen sowohl vom Betreiber der besuchten Website als auch von Dritten eingesetzt werden.<\/p>\n<p>Im Folgenden findest du alle Informationen \u00fcber die \u00fcber diese Website installierten Cookies sowie Hinweise, wie du deine Pr\u00e4ferenzen bez\u00fcglich dieser Cookies verwalten kannst.<\/p>\n<p>Weitere Informationen \u00fcber Cookies und ihre allgemeinen Funktionen findest du auf Informationswebsites wie <a href=\"https:\/\/www.allaboutcookies.org\/verify\" target=\"_blank\" rel=\"noopener\"> allaboutcookies.org<\/a><\/p>\n<p><b>Technische Cookies und aggregierte Statistik-Cookies, die keine Zustimmung des Nutzers erfordern <\/b><\/p>\n<p><b>Unbedingt notwendige Aktivit\u00e4ten f\u00fcr den Betrieb<\/b><\/p>\n<p>Diese Anwendung verwendet Cookies, um die Sitzung des Nutzers zu speichern und andere Aktivit\u00e4ten durchzuf\u00fchren, die f\u00fcr den Betrieb unbedingt erforderlich sind, z.\u202fB. im Zusammenhang mit der Verteilung des Datenverkehrs.<\/p>\n<p><b>Pr\u00e4ferenzspeicherung, Optimierung und Statistik<\/b><\/p>\n<p>Diese Anwendung verwendet Cookies, um Browsereinstellungen zu speichern und die Nutzererfahrung zu optimieren. Dazu geh\u00f6ren z.\u202fB. Cookies zur Einstellung von Sprache und W\u00e4hrung oder zur Verwaltung von Statistiken durch den Website-Betreiber. <\/p>\n<p>Alle technischen Cookies erfordern keine Zustimmung und werden daher automatisch beim Zugriff auf die Website installiert.<\/p>\n<p><b>Andere Arten von Cookies oder Tools Dritter, die Cookies verwenden k\u00f6nnten<\/b><\/p>\n<p>Alle anderen als die oben genannten technischen Cookies werden nur mit ausdr\u00fccklicher Zustimmung des Nutzers bei seinem ersten Besuch auf der Website installiert oder aktiviert. Die Zustimmung kann allgemein \u00fcber das Banner auf der Startseite der Website erteilt werden (durch Klicken auf \u201eOK\u201c, durch Scrollen oder durch das Anklicken eines Links), oder sie kann \u00fcber die unten beschriebenen Methoden individuell erteilt oder verweigert werden. <br \/>Diese Zustimmung wird f\u00fcr sp\u00e4tere Besuche gespeichert, kann jedoch jederzeit ganz oder teilweise widerrufen werden.   <\/p>\n<p><b>Cookies f\u00fcr Interaktionen mit sozialen Netzwerken und externen Plattformen<\/b><\/p>\n<p>Diese Dienste erm\u00f6glichen Interaktionen mit sozialen Netzwerken oder anderen externen Plattformen direkt \u00fcber die Seiten der Anwendung. Die Interaktionen und Informationen, die von dieser Anwendung erfasst werden, unterliegen in jedem Fall den Datenschutzeinstellungen des Nutzers beim jeweiligen sozialen Netzwerk. <\/p>\n<p>Falls ein solcher Interaktionsdienst installiert ist, kann es sein, dass dieser auch dann Daten erhebt, wenn Nutzer den Dienst nicht aktiv nutzen, und zwar in Bezug auf die Seiten, auf denen er installiert ist.<\/p>\n<p><b>&#8222;Gef\u00e4llt mir\u201c-Button und soziale Widgets von Facebook (Facebook, Inc.)<\/b><\/p>\n<p>Der \u201eGef\u00e4llt mir\u201c-Button und die sozialen Widgets von Facebook sind Interaktionsdienste mit dem sozialen Netzwerk Facebook, bereitgestellt von Facebook, Inc.<\/p>\n<p>Erhobene personenbezogene Daten: Cookies und Nutzungsdaten.<\/p>\n<p>Verarbeitungsort: USA \u2013<a href=\"https:\/\/www.facebook.com\/privacy\/explanation\"> Privacy Policy<\/a><\/p>\n<p><b>Tweet-Button und soziale Widgets von Twitter (Twitter Inc.)<\/b><\/p>\n<p>Der Tweet-Button und die sozialen Widgets von Twitter sind Dienste zur Interaktion mit dem sozialen Netzwerk Twitter, die von Twitter Inc. bereitgestellt werden.<\/p>\n<p>Erhobene personenbezogene Daten: Cookies und Nutzungsdaten.<\/p>\n<p>Verarbeitungsort: USA \u2013<a href=\"https:\/\/twitter.com\/privacy?lang=en\"> Privacy Policy<\/a><\/p>\n<p><b>+1-Button und soziale Widgets von Google+ (Google Inc.)<\/b><\/p>\n<p>Die Schaltfl\u00e4che \u201e+1\u201c und die sozialen Widgets von Google+ sind Dienste zur Interaktion mit dem sozialen Netzwerk Google+, die von Google Inc. bereitgestellt werden.<\/p>\n<p>Erhobene personenbezogene Daten: Cookies und Nutzungsdaten.<\/p>\n<p>Verarbeitungsort: USA \u2013<a href=\"http:\/\/www.google.com\/intl\/it\/policies\/privacy\/\"> Privacy Policy<\/a><\/p>\n<p><b>Button und soziale Widgets von LinkedIn (LinkedIn Corporation)<\/b><\/p>\n<p>Die Linkedin-Schaltfl\u00e4che und die sozialen Widgets sind Dienste zur Interaktion mit dem sozialen Netzwerk Linkedin, die von der LinkedIn Corporation bereitgestellt werden.<\/p>\n<p>Erhobene personenbezogene Daten: Cookies und Nutzungsdaten.<\/p>\n<p>Verarbeitungsort: USA \u2013<a href=\"https:\/\/www.linkedin.com\/legal\/privacy-policy\"> Privacy Policy<\/a><\/p>\n<p><b>Werbeprofilierende Cookies<\/b><\/p>\n<p>Diese Dienste erm\u00f6glichen es, die Daten der Nutzer f\u00fcr Werbekommunikation in unterschiedlichen Formaten, wie z.\u202fB. Bannern, basierend auf den Interessen des Nutzers zu verwenden.<\/p>\n<p>Dies bedeutet nicht, dass alle personenbezogenen Daten zu diesem Zweck verwendet werden. Die Einzelheiten zur Datennutzung sind nachfolgend aufgef\u00fchrt. <\/p>\n<p>Einige dieser Dienste k\u00f6nnen Cookies einsetzen, um Nutzer zu identifizieren, oder \u201eBehavioral Retargeting\u201c-Techniken verwenden, also personalisierte Werbung basierend auf dem Verhalten des Nutzers \u2013 auch au\u00dferhalb dieser Anwendung. Weitere Informationen dazu findest du in den Datenschutzerkl\u00e4rungen der jeweiligen Dienste. <\/p>\n<p><b>Google AdSense (Google Inc.)<\/b><\/p>\n<p>Google AdSense ist ein Werbedienst von Google Inc. Dieser Dienst verwendet das Cookie \u201eDoubleClick\u201c, das die Nutzung dieser Anwendung und das Nutzerverhalten in Bezug auf Werbung, Produkte und angebotene Dienste verfolgt <\/p>\n<p>Nutzer k\u00f6nnen jederzeit die Verwendung des DoubleClick-Cookies deaktivieren unter: <br \/>https:\/\/support.google.com\/admanager\/answer\/2839090?hl=de<\/p>\n<p>Erhobene personenbezogene Daten: Cookies und Nutzungsdaten.<\/p>\n<p>Verarbeitungsort: USA \u2013<a href=\"http:\/\/google.com\/privacy\/ads\/\"> Privacy Policy<\/a><\/p>\n<p><b>Remarketing- und Behavioral-Targeting-Cookies<\/b><\/p>\n<p>Diese Dienste erm\u00f6glichen dieser Anwendung und ihren Partnern die Kommunikation, Optimierung und Bereitstellung von Werbung auf Grundlage der bisherigen Nutzung dieser Anwendung durch den Benutzer.<\/p>\n<p>Diese Aktivit\u00e4t wird durch die Verfolgung von Nutzungsdaten und die Verwendung von Cookies durchgef\u00fchrt. Diese Informationen werden an die Partner \u00fcbertragen, mit denen die Remarketing- und Behavioral Targeting-Aktivit\u00e4t verkn\u00fcpft ist.<\/p>\n<p><b>AdWords Remarketing (Google)<\/b><\/p>\n<p>Ein Remarketing- und Behavioral-Targeting-Dienst, der die Aktivit\u00e4ten dieser Anwendung mit dem Google Ads-Netzwerk und dem DoubleClick-Cookie verbindet. <\/p>\n<p>Erhobene personenbezogene Daten: Cookies und Nutzungsdaten.<\/p>\n<p>Verarbeitungsort: USA \u2013<a href=\"http:\/\/www.google.com\/intl\/it\/policies\/privacy\/\"> Privacy Policy<\/a> \u2013<a href=\"http:\/\/www.google.com\/settings\/ads\/onweb\/optout\"> Opt Out<\/a><\/p>\n<p><b>Facebook Remarketing (Facebook, Inc.)<\/b><\/p>\n<p>Ein Remarketing- und Behavioral-Targeting-Dienst von Facebook, Inc., der die Aktivit\u00e4ten dieser Anwendung mit dem Werbenetzwerk von Facebook verbindet. <\/p>\n<p>Erhobene personenbezogene Daten: Cookies und Nutzungsdaten.<\/p>\n<p>Verarbeitungsort: USA \u2013<a href=\"https:\/\/www.facebook.com\/about\/privacy\/\"> Privacy Policy<\/a> \u2013<a href=\"http:\/\/www.aboutads.info\/choices\/\"> Opt Out<\/a><\/p>\n<p><b>Facebook Custom Audience (Facebook, Inc.)<\/b><\/p>\n<p>Ein Remarketing-Dienst, der die Daten dieser Anwendung mit dem Werbenetzwerk von Facebook verbindet. <\/p>\n<p>Erhobene personenbezogene Daten: Cookies und E-Mail.<\/p>\n<p>Verarbeitungsort: USA \u2013<a href=\"https:\/\/www.facebook.com\/about\/privacy\/\"> Privacy Policy<\/a> \u2013 Opt Out<\/p>\n<p><b>Statistik-Cookies<\/b><\/p>\n<p>Die in diesem Abschnitt enthaltenen Dienste erm\u00f6glichen dem Datenverantwortlichen die \u00dcberwachung und Analyse von Verkehrsdaten und dienen der Verfolgung des Benutzerverhaltens.<\/p>\n<p><b>Google Analytics (Google)<\/b><\/p>\n<p>Ein Webanalysedienst von Google Inc. (\u201eGoogle\u201c). Google verwendet die erhobenen Daten, um die Nutzung dieser Anwendung zu analysieren, Berichte zu erstellen und diese mit anderen Diensten von Google zu teilen.  <\/p>\n<p>Google kann diese Daten nutzen, um Werbung innerhalb seines eigenen Netzwerks zu personalisieren.<\/p>\n<p>Erhobene personenbezogene Daten: Cookies und Nutzungsdaten.<\/p>\n<p>Verarbeitungsort: USA \u2013<a href=\"http:\/\/www.google.com\/intl\/it\/policies\/privacy\/\"> Privacy Policy<\/a> \u2013<a href=\"http:\/\/tools.google.com\/dlpage\/gaoptout?hl=it\"> Opt Out<\/a><\/p>\n<p><b>Conversion-Tracking von Facebook Ads (Facebook, Inc.)<\/b><\/p>\n<p>Ein Analysedienst, der Daten aus dem Facebook-Werbenetzwerk mit Handlungen innerhalb dieser Anwendung verbindet. <\/p>\n<p>Erhobene personenbezogene Daten: Cookies und Nutzungsdaten.<\/p>\n<p>Verarbeitungsort: USA \u2013<a href=\"https:\/\/www.facebook.com\/about\/privacy\/\"> Privacy Policy<\/a><\/p>\n<p><b>Conversion-Tracking von Google Ads (Google Inc.)<\/b> <br \/>Ein Statistikdienst von Google Inc., der die Aktionen innerhalb dieser Anwendung mit den Daten aus dem Werbenetzwerk von Google Ads verkn\u00fcpft. <\/p>\n<p>Erhobene personenbezogene Daten: Cookies und Nutzungsdaten.<\/p>\n<p>Verarbeitungsort: USA \u2013<a href=\"http:\/\/www.google.com\/intl\/it\/policies\/privacy\/\"> Privacy Policy<\/a><\/p>\n<p><b>Wie kann ich die Installation von Cookies kontrollieren?<\/b><\/p>\n<p>Neben den Angaben in diesem Dokument kann der Nutzer seine Cookie-Einstellungen direkt im Browser verwalten und z.\u202fB. die Installation durch Dritte verhindern. <br \/>\u00dcber die Browsereinstellungen ist es auch m\u00f6glich, bereits installierte Cookies zu l\u00f6schen \u2013 einschlie\u00dflich jener, die eventuell die Zustimmung zur Cookie-Installation gespeichert haben. <br \/>Die vollst\u00e4ndige Deaktivierung von Cookies kann jedoch die Funktionalit\u00e4t dieser Website beeintr\u00e4chtigen. <br \/>Informationen zur Verwaltung von Cookies in den wichtigsten Browsern findest du unter folgenden Links:   <\/p>\n<p><a href=\"https:\/\/support.google.com\/chrome\/answer\/95647?hl=it&amp;p=cpn_cookies\">Google Chrome<\/a><\/p>\n<p><a href=\"https:\/\/support.mozilla.org\/it\/kb\/Attivare%20e%20disattivare%20i%20cookie\">Mozilla Firefox<\/a><\/p>\n<p><a href=\"https:\/\/support.apple.com\/kb\/PH19214?viewlocale=it_IT&amp;locale=en_US\">Apple Safari<\/a><\/p>\n<p><a href=\"http:\/\/windows.microsoft.com\/it-it\/windows-vista\/block-or-allow-cookies\">Microsoft Windows Explorer<\/a><\/p>\n<p>Bei Diensten von Drittanbietern kann der Nutzer zudem von seinem Widerspruchsrecht Gebrauch machen, wie in der Datenschutzerkl\u00e4rung des jeweiligen Anbieters angegeben, \u00fcber einen Opt-Out-Link (sofern verf\u00fcgbar) oder durch direkte Kontaktaufnahme.<\/p>\n<p>Unabh\u00e4ngig davon informiert der Betreiber, dass der Nutzer zus\u00e4tzlich auf <a href=\"http:\/\/www.youronlinechoices.com\/\"> Your Online Choices<\/a>.<\/p>\n<p>\u00dcber diesen Dienst k\u00f6nnen die Tracking-Einstellungen der meisten Werbetools verwaltet werden. Der Eigent\u00fcmer empfiehlt den Nutzern daher, diese Ressource zus\u00e4tzlich zu den in diesem Dokument bereitgestellten Informationen zu nutzen. <\/p>\n<p><b>Datenverantwortlicher<\/b><\/p>\n<p>LinkJuice srl<\/p>\n<p>Via delle Corallaie, 16<\/p>\n<p>57121 Livorno (LI)<\/p>\n<p>Email: elisa.soggia@linkjuice.it<\/p>\n<p><a href=\"https:\/\/linkjuice.it\/privacy-policy\/\">Privacy Policy<\/a><\/p>\n<p><b>Rechtliche Hinweise<\/b><\/p>\n<p>Hinweis f\u00fcr europ\u00e4ische Nutzer: Diese Datenschutzerkl\u00e4rung wurde im Einklang mit Art. 10 der Richtlinie 95\/46\/EG sowie mit der Richtlinie 2002\/58\/EG, aktualisiert durch die Richtlinie 2009\/136\/EG zum Thema Cookies, erstellt.  <\/p>\n<p>Diese Datenschutzerkl\u00e4rung bezieht sich ausschlie\u00dflich auf diese Anwendung.<\/p>\n","protected":false},"excerpt":{"rendered":"<p>Cookie Policy Was sind Cookies? Cookies sind kleine Textdateien, die von den besuchten Websites an die Ger\u00e4te der Nutzer gesendet werden, wo sie gespeichert werden, um bei sp\u00e4teren Besuchen erneut an dieselben Websites \u00fcbermittelt zu werden. Cookies werden zu unterschiedlichen Zwecken verwendet, haben unterschiedliche Eigenschaften und k\u00f6nnen sowohl vom Betreiber der besuchten Website als auch [&hellip;]<\/p>\n","protected":false},"author":2,"featured_media":0,"parent":0,"menu_order":0,"comment_status":"closed","ping_status":"closed","template":"","meta":{"footnotes":""},"class_list":["post-63178","page","type-page","status-publish","hentry"],"yoast_head":"<!-- This site is optimized with the Yoast SEO plugin v27.2 - https:\/\/yoast.com\/product\/yoast-seo-wordpress\/ -->\n<title>Cookie Policy - Linkjuice<\/title>\n<meta name=\"robots\" content=\"index, follow, max-snippet:-1, max-image-preview:large, max-video-preview:-1\" \/>\n<link rel=\"canonical\" href=\"https:\/\/www.linkjuice.it\/de\/cookie-policy-3\/\" \/>\n<meta property=\"og:locale\" content=\"de_DE\" \/>\n<meta property=\"og:type\" content=\"article\" \/>\n<meta property=\"og:title\" content=\"Cookie Policy - Linkjuice\" \/>\n<meta property=\"og:description\" content=\"Cookie Policy Was sind Cookies? Cookies sind kleine Textdateien, die von den besuchten Websites an die Ger\u00e4te der Nutzer gesendet werden, wo sie gespeichert werden, um bei sp\u00e4teren Besuchen erneut an dieselben Websites \u00fcbermittelt zu werden. Cookies werden zu unterschiedlichen Zwecken verwendet, haben unterschiedliche Eigenschaften und k\u00f6nnen sowohl vom Betreiber der besuchten Website als auch [&hellip;]\" \/>\n<meta property=\"og:url\" content=\"https:\/\/www.linkjuice.it\/de\/cookie-policy-3\/\" \/>\n<meta property=\"og:site_name\" content=\"Linkjuice\" \/>\n<meta property=\"article:modified_time\" content=\"2025-08-07T17:36:19+00:00\" \/>\n<meta name=\"twitter:card\" content=\"summary_large_image\" \/>\n<meta name=\"twitter:label1\" content=\"Gesch\u00e4tzte Lesezeit\" \/>\n\t<meta name=\"twitter:data1\" content=\"6\u00a0Minuten\" \/>\n<script type=\"application\/ld+json\" class=\"yoast-schema-graph\">{\"@context\":\"https:\/\/schema.org\",\"@graph\":[{\"@type\":\"WebPage\",\"@id\":\"https:\/\/www.linkjuice.it\/de\/cookie-policy-3\/\",\"url\":\"https:\/\/www.linkjuice.it\/de\/cookie-policy-3\/\",\"name\":\"Cookie Policy - Linkjuice\",\"isPartOf\":{\"@id\":\"https:\/\/www.linkjuice.it\/de\/#website\"},\"datePublished\":\"2025-08-07T17:02:46+00:00\",\"dateModified\":\"2025-08-07T17:36:19+00:00\",\"breadcrumb\":{\"@id\":\"https:\/\/www.linkjuice.it\/de\/cookie-policy-3\/#breadcrumb\"},\"inLanguage\":\"de\",\"potentialAction\":[{\"@type\":\"ReadAction\",\"target\":[\"https:\/\/www.linkjuice.it\/de\/cookie-policy-3\/\"]}]},{\"@type\":\"BreadcrumbList\",\"@id\":\"https:\/\/www.linkjuice.it\/de\/cookie-policy-3\/#breadcrumb\",\"itemListElement\":[{\"@type\":\"ListItem\",\"position\":1,\"name\":\"Home\",\"item\":\"https:\/\/www.linkjuice.it\/de\/\"},{\"@type\":\"ListItem\",\"position\":2,\"name\":\"Cookie Policy\"}]},{\"@type\":\"WebSite\",\"@id\":\"https:\/\/www.linkjuice.it\/de\/#website\",\"url\":\"https:\/\/www.linkjuice.it\/de\/\",\"name\":\"Linkjuice\",\"description\":\"\",\"publisher\":{\"@id\":\"https:\/\/www.linkjuice.it\/de\/#organization\"},\"potentialAction\":[{\"@type\":\"SearchAction\",\"target\":{\"@type\":\"EntryPoint\",\"urlTemplate\":\"https:\/\/www.linkjuice.it\/de\/?s={search_term_string}\"},\"query-input\":{\"@type\":\"PropertyValueSpecification\",\"valueRequired\":true,\"valueName\":\"search_term_string\"}}],\"inLanguage\":\"de\"},{\"@type\":\"Organization\",\"@id\":\"https:\/\/www.linkjuice.it\/de\/#organization\",\"name\":\"Linkjuice\",\"url\":\"https:\/\/www.linkjuice.it\/de\/\",\"logo\":{\"@type\":\"ImageObject\",\"inLanguage\":\"de\",\"@id\":\"https:\/\/www.linkjuice.it\/de\/#\/schema\/logo\/image\/\",\"url\":\"https:\/\/www.linkjuice.it\/wp-content\/uploads\/2025\/02\/favicon-lj.png\",\"contentUrl\":\"https:\/\/www.linkjuice.it\/wp-content\/uploads\/2025\/02\/favicon-lj.png\",\"width\":200,\"height\":201,\"caption\":\"Linkjuice\"},\"image\":{\"@id\":\"https:\/\/www.linkjuice.it\/de\/#\/schema\/logo\/image\/\"}}]}<\/script>\n<!-- \/ Yoast SEO plugin. -->","yoast_head_json":{"title":"Cookie Policy - Linkjuice","robots":{"index":"index","follow":"follow","max-snippet":"max-snippet:-1","max-image-preview":"max-image-preview:large","max-video-preview":"max-video-preview:-1"},"canonical":"https:\/\/www.linkjuice.it\/de\/cookie-policy-3\/","og_locale":"de_DE","og_type":"article","og_title":"Cookie Policy - Linkjuice","og_description":"Cookie Policy Was sind Cookies? Cookies sind kleine Textdateien, die von den besuchten Websites an die Ger\u00e4te der Nutzer gesendet werden, wo sie gespeichert werden, um bei sp\u00e4teren Besuchen erneut an dieselben Websites \u00fcbermittelt zu werden. Cookies werden zu unterschiedlichen Zwecken verwendet, haben unterschiedliche Eigenschaften und k\u00f6nnen sowohl vom Betreiber der besuchten Website als auch [&hellip;]","og_url":"https:\/\/www.linkjuice.it\/de\/cookie-policy-3\/","og_site_name":"Linkjuice","article_modified_time":"2025-08-07T17:36:19+00:00","twitter_card":"summary_large_image","twitter_misc":{"Gesch\u00e4tzte Lesezeit":"6\u00a0Minuten"},"schema":{"@context":"https:\/\/schema.org","@graph":[{"@type":"WebPage","@id":"https:\/\/www.linkjuice.it\/de\/cookie-policy-3\/","url":"https:\/\/www.linkjuice.it\/de\/cookie-policy-3\/","name":"Cookie Policy - Linkjuice","isPartOf":{"@id":"https:\/\/www.linkjuice.it\/de\/#website"},"datePublished":"2025-08-07T17:02:46+00:00","dateModified":"2025-08-07T17:36:19+00:00","breadcrumb":{"@id":"https:\/\/www.linkjuice.it\/de\/cookie-policy-3\/#breadcrumb"},"inLanguage":"de","potentialAction":[{"@type":"ReadAction","target":["https:\/\/www.linkjuice.it\/de\/cookie-policy-3\/"]}]},{"@type":"BreadcrumbList","@id":"https:\/\/www.linkjuice.it\/de\/cookie-policy-3\/#breadcrumb","itemListElement":[{"@type":"ListItem","position":1,"name":"Home","item":"https:\/\/www.linkjuice.it\/de\/"},{"@type":"ListItem","position":2,"name":"Cookie Policy"}]},{"@type":"WebSite","@id":"https:\/\/www.linkjuice.it\/de\/#website","url":"https:\/\/www.linkjuice.it\/de\/","name":"Linkjuice","description":"","publisher":{"@id":"https:\/\/www.linkjuice.it\/de\/#organization"},"potentialAction":[{"@type":"SearchAction","target":{"@type":"EntryPoint","urlTemplate":"https:\/\/www.linkjuice.it\/de\/?s={search_term_string}"},"query-input":{"@type":"PropertyValueSpecification","valueRequired":true,"valueName":"search_term_string"}}],"inLanguage":"de"},{"@type":"Organization","@id":"https:\/\/www.linkjuice.it\/de\/#organization","name":"Linkjuice","url":"https:\/\/www.linkjuice.it\/de\/","logo":{"@type":"ImageObject","inLanguage":"de","@id":"https:\/\/www.linkjuice.it\/de\/#\/schema\/logo\/image\/","url":"https:\/\/www.linkjuice.it\/wp-content\/uploads\/2025\/02\/favicon-lj.png","contentUrl":"https:\/\/www.linkjuice.it\/wp-content\/uploads\/2025\/02\/favicon-lj.png","width":200,"height":201,"caption":"Linkjuice"},"image":{"@id":"https:\/\/www.linkjuice.it\/de\/#\/schema\/logo\/image\/"}}]}},"_links":{"self":[{"href":"https:\/\/www.linkjuice.it\/de\/wp-json\/wp\/v2\/pages\/63178","targetHints":{"allow":["GET"]}}],"collection":[{"href":"https:\/\/www.linkjuice.it\/de\/wp-json\/wp\/v2\/pages"}],"about":[{"href":"https:\/\/www.linkjuice.it\/de\/wp-json\/wp\/v2\/types\/page"}],"author":[{"embeddable":true,"href":"https:\/\/www.linkjuice.it\/de\/wp-json\/wp\/v2\/users\/2"}],"replies":[{"embeddable":true,"href":"https:\/\/www.linkjuice.it\/de\/wp-json\/wp\/v2\/comments?post=63178"}],"version-history":[{"count":2,"href":"https:\/\/www.linkjuice.it\/de\/wp-json\/wp\/v2\/pages\/63178\/revisions"}],"predecessor-version":[{"id":63197,"href":"https:\/\/www.linkjuice.it\/de\/wp-json\/wp\/v2\/pages\/63178\/revisions\/63197"}],"wp:attachment":[{"href":"https:\/\/www.linkjuice.it\/de\/wp-json\/wp\/v2\/media?parent=63178"}],"curies":[{"name":"wp","href":"https:\/\/api.w.org\/{rel}","templated":true}]}}