{"id":62340,"date":"2025-03-31T16:41:13","date_gmt":"2025-03-31T14:41:13","guid":{"rendered":"https:\/\/linkjuice.development-juice.com\/cookie-policy\/"},"modified":"2025-08-07T20:09:42","modified_gmt":"2025-08-07T18:09:42","slug":"privacy-policy","status":"publish","type":"page","link":"https:\/\/www.linkjuice.it\/de\/privacy-policy\/","title":{"rendered":"Datenschutzerkl\u00e4rung"},"content":{"rendered":"<h1>Datenschutzerkl\u00e4rung<\/h1>\n<h3><b>Hinweis f\u00fcr europ\u00e4ische Nutzer<\/b><\/h3>\n<p>Diese Datenschutzerkl\u00e4rung wurde gem\u00e4\u00df der Richtlinie 95\/46\/EG und 2002\/58\/EG, ge\u00e4ndert durch die Richtlinie 2009\/136\/EG, verfasst.<\/p>\n<\/p>\n<h3><b>1. Zweck<\/b><\/h3>\n<p>Diese Erkl\u00e4rung gilt ausschlie\u00dflich f\u00fcr diese Website und beschreibt die Erhebung, Verarbeitung, Speicherung und den Schutz personenbezogener Daten.<\/p>\n<\/p>\n<h3><b>2. Verantwortlicher<\/b><\/h3>\n<p><b>LinkJuice Srl<\/b><b><br \/><\/b>Via Calzabigi, 4 \u2014 57125 Livorno (LI), Italy<br \/>Email: elisa.soggia@linkjuice.it<\/p>\n<\/p>\n<h3><b>3. Datenerhebung und -verarbeitung<\/b><\/h3>\n<ul>\n<li>Es werden nur Daten erhoben, die f\u00fcr den technischen Betrieb der Website erforderlich sind (essenzielle Cookies).<\/li>\n<li>Weitere Verarbeitungen (z.\u202fB. f\u00fcr Analysen oder Marketing) erfolgen nur mit ausdr\u00fccklicher Zustimmung.<\/li>\n<li>Nutzer k\u00f6nnen Cookies \u00fcber die Einstellungen ihres Browsers verwalten oder l\u00f6schen.<\/li>\n<li>Drittanbieter k\u00f6nnen zus\u00e4tzliche Daten erheben; deren Datenschutzrichtlinien gelten entsprechend.<\/li>\n<li>Zentrale Verwaltung \u00fcber <b>Your Online Choices <\/b>m\u00f6glich.<\/li>\n<\/ul>\n<h3><b>4. Rechtsgrundlage<\/b><\/h3>\n<p>Die Verarbeitung erfolgt gem\u00e4\u00df den EU-Richtlinien (95\/46\/EG, 2002\/58\/EG, 2009\/136\/EG).<\/p>\n<\/p>\n<h3><b>5. Rechte der Nutzer<\/b><\/h3>\n<p>Nutzer haben das Recht, jederzeit:<\/p>\n<ul>\n<li aria-level=\"1\">Auf ihre Daten zuzugreifen, sie zu \u00e4ndern oder zu l\u00f6schen,<\/li>\n<li aria-level=\"1\">Ihre Zustimmung zu widerrufen,<\/li>\n<li aria-level=\"1\">Der Verarbeitung zu widersprechen,<\/li>\n<li aria-level=\"1\">Eine Beschwerde bei einer Datenschutzbeh\u00f6rde einzureichen.\n<\/p>\n<\/li>\n<\/ul>\n<h3><b>6. \u00c4nderungen<\/b><\/h3>\n<p>Diese Richtlinie kann ohne Vorank\u00fcndigung ge\u00e4ndert werden. Bitte \u00fcberpr\u00fcfen Sie sie regelm\u00e4\u00dfig. <\/p>\n","protected":false},"excerpt":{"rendered":"<p>Datenschutzerkl\u00e4rung Hinweis f\u00fcr europ\u00e4ische Nutzer Diese Datenschutzerkl\u00e4rung wurde gem\u00e4\u00df der Richtlinie 95\/46\/EG und 2002\/58\/EG, ge\u00e4ndert durch die Richtlinie 2009\/136\/EG, verfasst. 1. Zweck Diese Erkl\u00e4rung gilt ausschlie\u00dflich f\u00fcr diese Website und beschreibt die Erhebung, Verarbeitung, Speicherung und den Schutz personenbezogener Daten. 2. Verantwortlicher LinkJuice SrlVia Calzabigi, 4 \u2014 57125 Livorno (LI), ItalyEmail: elisa.soggia@linkjuice.it 3. Datenerhebung und [&hellip;]<\/p>\n","protected":false},"author":2,"featured_media":0,"parent":0,"menu_order":0,"comment_status":"closed","ping_status":"closed","template":"","meta":{"footnotes":""},"class_list":["post-62340","page","type-page","status-publish","hentry"],"yoast_head":"<!-- This site is optimized with the Yoast SEO plugin v27.2 - https:\/\/yoast.com\/product\/yoast-seo-wordpress\/ -->\n<title>Datenschutzerkl\u00e4rung - Linkjuice<\/title>\n<meta name=\"robots\" content=\"index, follow, max-snippet:-1, max-image-preview:large, max-video-preview:-1\" \/>\n<link rel=\"canonical\" href=\"https:\/\/www.linkjuice.it\/de\/privacy-policy\/\" \/>\n<meta property=\"og:locale\" content=\"de_DE\" \/>\n<meta property=\"og:type\" content=\"article\" \/>\n<meta property=\"og:title\" content=\"Datenschutzerkl\u00e4rung - Linkjuice\" \/>\n<meta property=\"og:description\" content=\"Datenschutzerkl\u00e4rung Hinweis f\u00fcr europ\u00e4ische Nutzer Diese Datenschutzerkl\u00e4rung wurde gem\u00e4\u00df der Richtlinie 95\/46\/EG und 2002\/58\/EG, ge\u00e4ndert durch die Richtlinie 2009\/136\/EG, verfasst. 1. Zweck Diese Erkl\u00e4rung gilt ausschlie\u00dflich f\u00fcr diese Website und beschreibt die Erhebung, Verarbeitung, Speicherung und den Schutz personenbezogener Daten. 2. Verantwortlicher LinkJuice SrlVia Calzabigi, 4 \u2014 57125 Livorno (LI), ItalyEmail: elisa.soggia@linkjuice.it 3. Datenerhebung und [&hellip;]\" \/>\n<meta property=\"og:url\" content=\"https:\/\/www.linkjuice.it\/de\/privacy-policy\/\" \/>\n<meta property=\"og:site_name\" content=\"Linkjuice\" \/>\n<meta property=\"article:modified_time\" content=\"2025-08-07T18:09:42+00:00\" \/>\n<meta name=\"twitter:card\" content=\"summary_large_image\" \/>\n<meta name=\"twitter:label1\" content=\"Gesch\u00e4tzte Lesezeit\" \/>\n\t<meta name=\"twitter:data1\" content=\"1\u00a0Minute\" \/>\n<script type=\"application\/ld+json\" class=\"yoast-schema-graph\">{\"@context\":\"https:\/\/schema.org\",\"@graph\":[{\"@type\":\"WebPage\",\"@id\":\"https:\/\/www.linkjuice.it\/de\/privacy-policy\/\",\"url\":\"https:\/\/www.linkjuice.it\/de\/privacy-policy\/\",\"name\":\"Datenschutzerkl\u00e4rung - Linkjuice\",\"isPartOf\":{\"@id\":\"https:\/\/www.linkjuice.it\/de\/#website\"},\"datePublished\":\"2025-03-31T14:41:13+00:00\",\"dateModified\":\"2025-08-07T18:09:42+00:00\",\"breadcrumb\":{\"@id\":\"https:\/\/www.linkjuice.it\/de\/privacy-policy\/#breadcrumb\"},\"inLanguage\":\"de\",\"potentialAction\":[{\"@type\":\"ReadAction\",\"target\":[\"https:\/\/www.linkjuice.it\/de\/privacy-policy\/\"]}]},{\"@type\":\"BreadcrumbList\",\"@id\":\"https:\/\/www.linkjuice.it\/de\/privacy-policy\/#breadcrumb\",\"itemListElement\":[{\"@type\":\"ListItem\",\"position\":1,\"name\":\"Home\",\"item\":\"https:\/\/www.linkjuice.it\/de\/\"},{\"@type\":\"ListItem\",\"position\":2,\"name\":\"Datenschutzerkl\u00e4rung\"}]},{\"@type\":\"WebSite\",\"@id\":\"https:\/\/www.linkjuice.it\/de\/#website\",\"url\":\"https:\/\/www.linkjuice.it\/de\/\",\"name\":\"Linkjuice\",\"description\":\"\",\"publisher\":{\"@id\":\"https:\/\/www.linkjuice.it\/de\/#organization\"},\"potentialAction\":[{\"@type\":\"SearchAction\",\"target\":{\"@type\":\"EntryPoint\",\"urlTemplate\":\"https:\/\/www.linkjuice.it\/de\/?s={search_term_string}\"},\"query-input\":{\"@type\":\"PropertyValueSpecification\",\"valueRequired\":true,\"valueName\":\"search_term_string\"}}],\"inLanguage\":\"de\"},{\"@type\":\"Organization\",\"@id\":\"https:\/\/www.linkjuice.it\/de\/#organization\",\"name\":\"Linkjuice\",\"url\":\"https:\/\/www.linkjuice.it\/de\/\",\"logo\":{\"@type\":\"ImageObject\",\"inLanguage\":\"de\",\"@id\":\"https:\/\/www.linkjuice.it\/de\/#\/schema\/logo\/image\/\",\"url\":\"https:\/\/www.linkjuice.it\/wp-content\/uploads\/2025\/02\/favicon-lj.png\",\"contentUrl\":\"https:\/\/www.linkjuice.it\/wp-content\/uploads\/2025\/02\/favicon-lj.png\",\"width\":200,\"height\":201,\"caption\":\"Linkjuice\"},\"image\":{\"@id\":\"https:\/\/www.linkjuice.it\/de\/#\/schema\/logo\/image\/\"}}]}<\/script>\n<!-- \/ Yoast SEO plugin. -->","yoast_head_json":{"title":"Datenschutzerkl\u00e4rung - Linkjuice","robots":{"index":"index","follow":"follow","max-snippet":"max-snippet:-1","max-image-preview":"max-image-preview:large","max-video-preview":"max-video-preview:-1"},"canonical":"https:\/\/www.linkjuice.it\/de\/privacy-policy\/","og_locale":"de_DE","og_type":"article","og_title":"Datenschutzerkl\u00e4rung - Linkjuice","og_description":"Datenschutzerkl\u00e4rung Hinweis f\u00fcr europ\u00e4ische Nutzer Diese Datenschutzerkl\u00e4rung wurde gem\u00e4\u00df der Richtlinie 95\/46\/EG und 2002\/58\/EG, ge\u00e4ndert durch die Richtlinie 2009\/136\/EG, verfasst. 1. Zweck Diese Erkl\u00e4rung gilt ausschlie\u00dflich f\u00fcr diese Website und beschreibt die Erhebung, Verarbeitung, Speicherung und den Schutz personenbezogener Daten. 2. Verantwortlicher LinkJuice SrlVia Calzabigi, 4 \u2014 57125 Livorno (LI), ItalyEmail: elisa.soggia@linkjuice.it 3. Datenerhebung und [&hellip;]","og_url":"https:\/\/www.linkjuice.it\/de\/privacy-policy\/","og_site_name":"Linkjuice","article_modified_time":"2025-08-07T18:09:42+00:00","twitter_card":"summary_large_image","twitter_misc":{"Gesch\u00e4tzte Lesezeit":"1\u00a0Minute"},"schema":{"@context":"https:\/\/schema.org","@graph":[{"@type":"WebPage","@id":"https:\/\/www.linkjuice.it\/de\/privacy-policy\/","url":"https:\/\/www.linkjuice.it\/de\/privacy-policy\/","name":"Datenschutzerkl\u00e4rung - Linkjuice","isPartOf":{"@id":"https:\/\/www.linkjuice.it\/de\/#website"},"datePublished":"2025-03-31T14:41:13+00:00","dateModified":"2025-08-07T18:09:42+00:00","breadcrumb":{"@id":"https:\/\/www.linkjuice.it\/de\/privacy-policy\/#breadcrumb"},"inLanguage":"de","potentialAction":[{"@type":"ReadAction","target":["https:\/\/www.linkjuice.it\/de\/privacy-policy\/"]}]},{"@type":"BreadcrumbList","@id":"https:\/\/www.linkjuice.it\/de\/privacy-policy\/#breadcrumb","itemListElement":[{"@type":"ListItem","position":1,"name":"Home","item":"https:\/\/www.linkjuice.it\/de\/"},{"@type":"ListItem","position":2,"name":"Datenschutzerkl\u00e4rung"}]},{"@type":"WebSite","@id":"https:\/\/www.linkjuice.it\/de\/#website","url":"https:\/\/www.linkjuice.it\/de\/","name":"Linkjuice","description":"","publisher":{"@id":"https:\/\/www.linkjuice.it\/de\/#organization"},"potentialAction":[{"@type":"SearchAction","target":{"@type":"EntryPoint","urlTemplate":"https:\/\/www.linkjuice.it\/de\/?s={search_term_string}"},"query-input":{"@type":"PropertyValueSpecification","valueRequired":true,"valueName":"search_term_string"}}],"inLanguage":"de"},{"@type":"Organization","@id":"https:\/\/www.linkjuice.it\/de\/#organization","name":"Linkjuice","url":"https:\/\/www.linkjuice.it\/de\/","logo":{"@type":"ImageObject","inLanguage":"de","@id":"https:\/\/www.linkjuice.it\/de\/#\/schema\/logo\/image\/","url":"https:\/\/www.linkjuice.it\/wp-content\/uploads\/2025\/02\/favicon-lj.png","contentUrl":"https:\/\/www.linkjuice.it\/wp-content\/uploads\/2025\/02\/favicon-lj.png","width":200,"height":201,"caption":"Linkjuice"},"image":{"@id":"https:\/\/www.linkjuice.it\/de\/#\/schema\/logo\/image\/"}}]}},"_links":{"self":[{"href":"https:\/\/www.linkjuice.it\/de\/wp-json\/wp\/v2\/pages\/62340","targetHints":{"allow":["GET"]}}],"collection":[{"href":"https:\/\/www.linkjuice.it\/de\/wp-json\/wp\/v2\/pages"}],"about":[{"href":"https:\/\/www.linkjuice.it\/de\/wp-json\/wp\/v2\/types\/page"}],"author":[{"embeddable":true,"href":"https:\/\/www.linkjuice.it\/de\/wp-json\/wp\/v2\/users\/2"}],"replies":[{"embeddable":true,"href":"https:\/\/www.linkjuice.it\/de\/wp-json\/wp\/v2\/comments?post=62340"}],"version-history":[{"count":9,"href":"https:\/\/www.linkjuice.it\/de\/wp-json\/wp\/v2\/pages\/62340\/revisions"}],"predecessor-version":[{"id":63242,"href":"https:\/\/www.linkjuice.it\/de\/wp-json\/wp\/v2\/pages\/62340\/revisions\/63242"}],"wp:attachment":[{"href":"https:\/\/www.linkjuice.it\/de\/wp-json\/wp\/v2\/media?parent=62340"}],"curies":[{"name":"wp","href":"https:\/\/api.w.org\/{rel}","templated":true}]}}