{"id":62338,"date":"2025-03-28T11:34:53","date_gmt":"2025-03-28T10:34:53","guid":{"rendered":"https:\/\/linkjuice.development-juice.com\/kontakt\/"},"modified":"2025-07-13T18:36:49","modified_gmt":"2025-07-13T16:36:49","slug":"kontakt","status":"publish","type":"page","link":"https:\/\/www.linkjuice.it\/de\/kontakt\/","title":{"rendered":"Kontakt"},"content":{"rendered":"<h1>Kontakt<\/h1>\n<p>F\u00fcr ein kostenloses Angebot oder bei Fragen steht dir das LinkJuice-Team jederzeit zur Verf\u00fcgung.<\/p>\n<p><strong>Via dell&#8216; Artigianato, 35B \u2013 57122 Livorno (LI)<br \/>T <a href=\"tel:+393311332518\">+39 3311332518<\/a><br \/>F <a href=\"tel:+3905861581861\">+39 05861581861<\/a><br \/><a href=\"mailto:contatti@linkjuice.it\">contatti@linkjuice.it<\/a><\/strong><\/p>\n<p>\t\t\t\t\t\t\t\t\t\t\t\t\t\t\t<img fetchpriority=\"high\" decoding=\"async\" width=\"1067\" height=\"1281\" src=\"https:\/\/www.linkjuice.it\/wp-content\/uploads\/2025\/03\/bambino-triciclo.png\" alt=\"\" srcset=\"https:\/\/www.linkjuice.it\/wp-content\/uploads\/2025\/03\/bambino-triciclo.png 1067w, https:\/\/www.linkjuice.it\/wp-content\/uploads\/2025\/03\/bambino-triciclo-250x300.png 250w, https:\/\/www.linkjuice.it\/wp-content\/uploads\/2025\/03\/bambino-triciclo-853x1024.png 853w, https:\/\/www.linkjuice.it\/wp-content\/uploads\/2025\/03\/bambino-triciclo-768x922.png 768w\" sizes=\"(max-width: 1067px) 100vw, 1067px\" \/><br \/>\n\t\t\t\t\t\t\t<img decoding=\"async\" src=\"https:\/\/www.linkjuice.it\/wp-content\/plugins\/elementor\/assets\/images\/placeholder.png\" alt=\"CEO&lt;br&gt;E-Commerce-Sektor&lt;br&gt;(Haushaltsprodukte)\"><br \/>\n\t\t\t\t\t\t\t\t\t\t<cite>CEO<br \/>E-Commerce-Sektor<br \/>(Haushaltsprodukte)<i>&#xE934;<\/i><i>&#xE934;<\/i><i>&#xE934;<\/i><i>&#xE934;<\/i><i>&#xE934;<\/i><\/cite><br \/>\n\t\t\t\t\t\tWir haben innerhalb weniger Tage mit der Investition in die LinkJuice-Strategie begonnen und die Ergebnisse waren gleicherma\u00dfen positiv. Der neue Standort weist eine schnelle SERP-Skalierung auf, was sich erheblich auf den organischen Traffic auswirkt. Ich empfehle diesen Techniker jedem, der seine Sichtbarkeit verbessern m\u00f6chte, ohne ausschlie\u00dflich auf bezahlte Anzeigen angewiesen zu sein.<br \/>\n\t\t\t\t\t\t\t<img decoding=\"async\" src=\"https:\/\/www.linkjuice.it\/wp-content\/plugins\/elementor\/assets\/images\/placeholder.png\" alt=\"SEO-Spezialist&lt;br&gt;Digitale Marketingagentur\"><br \/>\n\t\t\t\t\t\t\t\t\t\t<cite>SEO-Spezialist<br \/>Digitale Marketingagentur<i>&#xE934;<\/i><i>&#xE934;<\/i><i>&#xE934;<\/i><i>&#xE934;<\/i><i>&#xE934;<\/i><\/cite><br \/>\n\t\t\t\t\t\tWir haben verschiedene Strategien zum Linkaufbau getestet, aber die Qualit\u00e4t der Backlinks machte den Unterschied. Links von ma\u00dfgeblichen Seiten mit hoher thematischer Relevanz steigerten die Rankings unserer Kunden deutlich st\u00e4rker als generische Links. LinkJuice ist ein sehr wirkungsvoller Hebel, wenn er richtig eingesetzt wird.<br \/>\n\t\t\t\t\t\t\t<img decoding=\"async\" src=\"https:\/\/www.linkjuice.it\/wp-content\/plugins\/elementor\/assets\/images\/placeholder.png\" alt=\"CEO&lt;br&gt;SaaS-Startup\"><br \/>\n\t\t\t\t\t\t\t\t\t\t<cite>CEO<br \/>SaaS-Startup<i>&#xE934;<\/i><i>&#xE934;<\/i><i>&#xE934;<\/i><i>&#xE934;<\/i><i>&#xE934;<\/i><\/cite><br \/>\n\t\t\t\t\t\tAnfangs dachten wir, dass das Schreiben guter Inhalte ausreicht, um bei Google aufzusteigen, aber ohne ein gutes Backlink-Profil kamen wir nicht weiter. Dank eines gezielten Ansatzes zur Verbreitung von LinkJuice verbesserten wir die Autorit\u00e4t unserer Domain und \u00fcbertrafen Wettbewerber mit deutlich h\u00f6heren Budgets.<br \/>\n\t\t\t\t\t\t\t<img decoding=\"async\" src=\"https:\/\/www.linkjuice.it\/wp-content\/plugins\/elementor\/assets\/images\/placeholder.png\" alt=\"SEO-Manager&lt;br&gt;Agentur spezialisiert auf lokales SEO\"><br \/>\n\t\t\t\t\t\t\t\t\t\t<cite>SEO-Manager<br \/>Agentur spezialisiert auf lokales SEO<i>&#xE934;<\/i><i>&#xE934;<\/i><i>&#xE934;<\/i><i>&#xE934;<\/i><i>&#xE934;<\/i><\/cite><br \/>\n\t\t\t\t\t\tF\u00fcr lokale Unternehmen wird LinkJuice oft \u00fcbersehen. Durch Backlinks von ma\u00dfgeblichen lokalen Websites hat sich unsere Sichtbarkeit in lokalen Suchen erh\u00f6ht. Wir setzen nun gezielte Linkaufbau-Strategien f\u00fcr alle Kunden ein, die ihr Gebiet dominieren m\u00f6chten.<br \/>\n\t\t\t\t\t\t\t<img decoding=\"async\" src=\"https:\/\/www.linkjuice.it\/wp-content\/plugins\/elementor\/assets\/images\/placeholder.png\" alt=\"CEO&lt;br&gt;Online-Bekleidungsgesch\u00e4ft\"><br \/>\n\t\t\t\t\t\t\t\t\t\t<cite>CEO<br \/>Online-Bekleidungsgesch\u00e4ft<i>&#xE934;<\/i><i>&#xE934;<\/i><i>&#xE934;<\/i><i>&#xE934;<\/i><i>&#xE934;<\/i><\/cite><br \/>\n\t\t\t\t\t\tWir haben in LinkJuice investiert, um unsere wichtigsten Produktseiten zu st\u00e4rken. Das Ergebnis war ein dramatischer Anstieg der organischen Verk\u00e4ufe. Wir waren bei Google unsichtbar und tauchen jetzt unter den ersten Ergebnissen f\u00fcr unsere wichtigsten Keywords auf. Der ROI ist au\u00dfergew\u00f6hnlich.<br \/>\n\t\t\t\t\t\t\t<img decoding=\"async\" src=\"https:\/\/www.linkjuice.it\/wp-content\/plugins\/elementor\/assets\/images\/placeholder.png\" alt=\"Leiter SEO&lt;br&gt;Growth-Marketing-Agentur\"><br \/>\n\t\t\t\t\t\t\t\t\t\t<cite>Leiter SEO<br \/>Growth-Marketing-Agentur<i>&#xE934;<\/i><i>&#xE934;<\/i><i>&#xE934;<\/i><i>&#xE934;<\/i><i>&#xE934;<\/i><\/cite><br \/>\n\t\t\t\t\t\tLinkJuice ist nicht nur eine Frage der Linkmenge, sondern vor allem der Strategie. Eine schlechte Verteilung kann die Website benachteiligen, w\u00e4hrend ein ausgewogener Linkfluss auf die richtigen Seiten die gesamte SEO-Architektur auf ein h\u00f6heres Niveau bringen kann. Es ist einer der wichtigsten Faktoren f\u00fcr jeden, der dauerhaft in den Rankings aufsteigen m\u00f6chte.<br \/>\n\t\t\t\t\t\t\t<img decoding=\"async\" src=\"https:\/\/www.linkjuice.it\/wp-content\/plugins\/elementor\/assets\/images\/placeholder.png\" alt=\"CEO&lt;br&gt;Branchenblogs aus der Welt der Technologie\"><br \/>\n\t\t\t\t\t\t\t\t\t\t<cite>CEO<br \/>Branchenblogs aus der Welt der Technologie<i>&#xE934;<\/i><i>&#xE934;<\/i><i>&#xE934;<\/i><i>&#xE934;<\/i><i>&#xE934;<\/i><\/cite><br \/>\n\t\t\t\t\t\tAnfangs war uns die Bedeutung von Link Equity nicht klar, aber nachdem wir unsere interne Linkstrategie optimiert und ma\u00dfgebliche Backlinks aufgebaut hatten, explodierte unser organischer Traffic. Wir k\u00f6nnen jetzt mit viel gr\u00f6\u00dferen und etablierteren Websites unserer Branche konkurrieren.<br \/>\n\t\t\t\t\t\t\t<svg aria-hidden=\"true\" viewBox=\"0 0 1000 1000\" xmlns=\"http:\/\/www.w3.org\/2000\/svg\"><path d=\"M646 125C629 125 613 133 604 142L308 442C296 454 292 471 292 487 292 504 296 521 308 533L604 854C617 867 629 875 646 875 663 875 679 871 692 858 704 846 713 829 713 812 713 796 708 779 692 767L438 487 692 225C700 217 708 204 708 187 708 171 704 154 692 142 675 129 663 125 646 125Z\"><\/path><\/svg><br \/>\n\t\t\t\t\t\t\t<svg aria-hidden=\"true\" viewBox=\"0 0 1000 1000\" xmlns=\"http:\/\/www.w3.org\/2000\/svg\"><path d=\"M696 533C708 521 713 504 713 487 713 471 708 454 696 446L400 146C388 133 375 125 354 125 338 125 325 129 313 142 300 154 292 171 292 187 292 204 296 221 308 233L563 492 304 771C292 783 288 800 288 817 288 833 296 850 308 863 321 871 338 875 354 875 371 875 388 867 400 854L696 533Z\"><\/path><\/svg>\t\t\t\t\t\t<\/p>\n<h2>Anfragen und weitere Informationen<\/h2>\n<p>F\u00dcLLE EINFACH DAS FORMULAR AUS UND WIR KONTAKTIEREN DICH INNERHALB VON 24 STUNDEN.<\/p>\n","protected":false},"excerpt":{"rendered":"<p>Kontakt F\u00fcr ein kostenloses Angebot oder bei Fragen steht dir das LinkJuice-Team jederzeit zur Verf\u00fcgung. Via dell&#8216; Artigianato, 35B \u2013 57122 Livorno (LI)T +39 3311332518F +39 05861581861contatti@linkjuice.it CEOE-Commerce-Sektor(Haushaltsprodukte)&#xE934;&#xE934;&#xE934;&#xE934;&#xE934; Wir haben innerhalb weniger Tage mit der Investition in die LinkJuice-Strategie begonnen und die Ergebnisse waren gleicherma\u00dfen positiv. Der neue Standort weist eine schnelle SERP-Skalierung auf, was [&hellip;]<\/p>\n","protected":false},"author":2,"featured_media":0,"parent":0,"menu_order":0,"comment_status":"closed","ping_status":"closed","template":"","meta":{"footnotes":""},"class_list":["post-62338","page","type-page","status-publish","hentry"],"yoast_head":"<!-- This site is optimized with the Yoast SEO plugin v27.2 - https:\/\/yoast.com\/product\/yoast-seo-wordpress\/ -->\n<title>Kontakt - Linkjuice<\/title>\n<meta name=\"robots\" content=\"index, follow, max-snippet:-1, max-image-preview:large, max-video-preview:-1\" \/>\n<link rel=\"canonical\" href=\"https:\/\/www.linkjuice.it\/de\/kontakt\/\" \/>\n<meta property=\"og:locale\" content=\"de_DE\" \/>\n<meta property=\"og:type\" content=\"article\" \/>\n<meta property=\"og:title\" content=\"Kontakt - Linkjuice\" \/>\n<meta property=\"og:description\" content=\"Kontakt F\u00fcr ein kostenloses Angebot oder bei Fragen steht dir das LinkJuice-Team jederzeit zur Verf\u00fcgung. Via dell&#8216; Artigianato, 35B \u2013 57122 Livorno (LI)T +39 3311332518F +39 05861581861contatti@linkjuice.it CEOE-Commerce-Sektor(Haushaltsprodukte)&#xE934;&#xE934;&#xE934;&#xE934;&#xE934; Wir haben innerhalb weniger Tage mit der Investition in die LinkJuice-Strategie begonnen und die Ergebnisse waren gleicherma\u00dfen positiv. Der neue Standort weist eine schnelle SERP-Skalierung auf, was [&hellip;]\" \/>\n<meta property=\"og:url\" content=\"https:\/\/www.linkjuice.it\/de\/kontakt\/\" \/>\n<meta property=\"og:site_name\" content=\"Linkjuice\" \/>\n<meta property=\"article:modified_time\" content=\"2025-07-13T16:36:49+00:00\" \/>\n<meta property=\"og:image\" content=\"https:\/\/www.linkjuice.it\/wp-content\/uploads\/2025\/03\/bambino-triciclo.png\" \/>\n<meta name=\"twitter:card\" content=\"summary_large_image\" \/>\n<meta name=\"twitter:label1\" content=\"Gesch\u00e4tzte Lesezeit\" \/>\n\t<meta name=\"twitter:data1\" content=\"2\u00a0Minuten\" \/>\n<script type=\"application\/ld+json\" class=\"yoast-schema-graph\">{\"@context\":\"https:\/\/schema.org\",\"@graph\":[{\"@type\":\"WebPage\",\"@id\":\"https:\/\/www.linkjuice.it\/de\/kontakt\/\",\"url\":\"https:\/\/www.linkjuice.it\/de\/kontakt\/\",\"name\":\"Kontakt - Linkjuice\",\"isPartOf\":{\"@id\":\"https:\/\/www.linkjuice.it\/de\/#website\"},\"primaryImageOfPage\":{\"@id\":\"https:\/\/www.linkjuice.it\/de\/kontakt\/#primaryimage\"},\"image\":{\"@id\":\"https:\/\/www.linkjuice.it\/de\/kontakt\/#primaryimage\"},\"thumbnailUrl\":\"https:\/\/www.linkjuice.it\/wp-content\/uploads\/2025\/03\/bambino-triciclo.png\",\"datePublished\":\"2025-03-28T10:34:53+00:00\",\"dateModified\":\"2025-07-13T16:36:49+00:00\",\"breadcrumb\":{\"@id\":\"https:\/\/www.linkjuice.it\/de\/kontakt\/#breadcrumb\"},\"inLanguage\":\"de\",\"potentialAction\":[{\"@type\":\"ReadAction\",\"target\":[\"https:\/\/www.linkjuice.it\/de\/kontakt\/\"]}]},{\"@type\":\"ImageObject\",\"inLanguage\":\"de\",\"@id\":\"https:\/\/www.linkjuice.it\/de\/kontakt\/#primaryimage\",\"url\":\"https:\/\/www.linkjuice.it\/wp-content\/uploads\/2025\/03\/bambino-triciclo.png\",\"contentUrl\":\"https:\/\/www.linkjuice.it\/wp-content\/uploads\/2025\/03\/bambino-triciclo.png\"},{\"@type\":\"BreadcrumbList\",\"@id\":\"https:\/\/www.linkjuice.it\/de\/kontakt\/#breadcrumb\",\"itemListElement\":[{\"@type\":\"ListItem\",\"position\":1,\"name\":\"Home\",\"item\":\"https:\/\/www.linkjuice.it\/de\/\"},{\"@type\":\"ListItem\",\"position\":2,\"name\":\"Kontakt\"}]},{\"@type\":\"WebSite\",\"@id\":\"https:\/\/www.linkjuice.it\/de\/#website\",\"url\":\"https:\/\/www.linkjuice.it\/de\/\",\"name\":\"Linkjuice\",\"description\":\"\",\"publisher\":{\"@id\":\"https:\/\/www.linkjuice.it\/de\/#organization\"},\"potentialAction\":[{\"@type\":\"SearchAction\",\"target\":{\"@type\":\"EntryPoint\",\"urlTemplate\":\"https:\/\/www.linkjuice.it\/de\/?s={search_term_string}\"},\"query-input\":{\"@type\":\"PropertyValueSpecification\",\"valueRequired\":true,\"valueName\":\"search_term_string\"}}],\"inLanguage\":\"de\"},{\"@type\":\"Organization\",\"@id\":\"https:\/\/www.linkjuice.it\/de\/#organization\",\"name\":\"Linkjuice\",\"url\":\"https:\/\/www.linkjuice.it\/de\/\",\"logo\":{\"@type\":\"ImageObject\",\"inLanguage\":\"de\",\"@id\":\"https:\/\/www.linkjuice.it\/de\/#\/schema\/logo\/image\/\",\"url\":\"https:\/\/www.linkjuice.it\/wp-content\/uploads\/2025\/02\/favicon-lj.png\",\"contentUrl\":\"https:\/\/www.linkjuice.it\/wp-content\/uploads\/2025\/02\/favicon-lj.png\",\"width\":200,\"height\":201,\"caption\":\"Linkjuice\"},\"image\":{\"@id\":\"https:\/\/www.linkjuice.it\/de\/#\/schema\/logo\/image\/\"}}]}<\/script>\n<!-- \/ Yoast SEO plugin. -->","yoast_head_json":{"title":"Kontakt - Linkjuice","robots":{"index":"index","follow":"follow","max-snippet":"max-snippet:-1","max-image-preview":"max-image-preview:large","max-video-preview":"max-video-preview:-1"},"canonical":"https:\/\/www.linkjuice.it\/de\/kontakt\/","og_locale":"de_DE","og_type":"article","og_title":"Kontakt - Linkjuice","og_description":"Kontakt F\u00fcr ein kostenloses Angebot oder bei Fragen steht dir das LinkJuice-Team jederzeit zur Verf\u00fcgung. Via dell&#8216; Artigianato, 35B \u2013 57122 Livorno (LI)T +39 3311332518F +39 05861581861contatti@linkjuice.it CEOE-Commerce-Sektor(Haushaltsprodukte)&#xE934;&#xE934;&#xE934;&#xE934;&#xE934; Wir haben innerhalb weniger Tage mit der Investition in die LinkJuice-Strategie begonnen und die Ergebnisse waren gleicherma\u00dfen positiv. Der neue Standort weist eine schnelle SERP-Skalierung auf, was [&hellip;]","og_url":"https:\/\/www.linkjuice.it\/de\/kontakt\/","og_site_name":"Linkjuice","article_modified_time":"2025-07-13T16:36:49+00:00","og_image":[{"url":"https:\/\/www.linkjuice.it\/wp-content\/uploads\/2025\/03\/bambino-triciclo.png","type":"","width":"","height":""}],"twitter_card":"summary_large_image","twitter_misc":{"Gesch\u00e4tzte Lesezeit":"2\u00a0Minuten"},"schema":{"@context":"https:\/\/schema.org","@graph":[{"@type":"WebPage","@id":"https:\/\/www.linkjuice.it\/de\/kontakt\/","url":"https:\/\/www.linkjuice.it\/de\/kontakt\/","name":"Kontakt - Linkjuice","isPartOf":{"@id":"https:\/\/www.linkjuice.it\/de\/#website"},"primaryImageOfPage":{"@id":"https:\/\/www.linkjuice.it\/de\/kontakt\/#primaryimage"},"image":{"@id":"https:\/\/www.linkjuice.it\/de\/kontakt\/#primaryimage"},"thumbnailUrl":"https:\/\/www.linkjuice.it\/wp-content\/uploads\/2025\/03\/bambino-triciclo.png","datePublished":"2025-03-28T10:34:53+00:00","dateModified":"2025-07-13T16:36:49+00:00","breadcrumb":{"@id":"https:\/\/www.linkjuice.it\/de\/kontakt\/#breadcrumb"},"inLanguage":"de","potentialAction":[{"@type":"ReadAction","target":["https:\/\/www.linkjuice.it\/de\/kontakt\/"]}]},{"@type":"ImageObject","inLanguage":"de","@id":"https:\/\/www.linkjuice.it\/de\/kontakt\/#primaryimage","url":"https:\/\/www.linkjuice.it\/wp-content\/uploads\/2025\/03\/bambino-triciclo.png","contentUrl":"https:\/\/www.linkjuice.it\/wp-content\/uploads\/2025\/03\/bambino-triciclo.png"},{"@type":"BreadcrumbList","@id":"https:\/\/www.linkjuice.it\/de\/kontakt\/#breadcrumb","itemListElement":[{"@type":"ListItem","position":1,"name":"Home","item":"https:\/\/www.linkjuice.it\/de\/"},{"@type":"ListItem","position":2,"name":"Kontakt"}]},{"@type":"WebSite","@id":"https:\/\/www.linkjuice.it\/de\/#website","url":"https:\/\/www.linkjuice.it\/de\/","name":"Linkjuice","description":"","publisher":{"@id":"https:\/\/www.linkjuice.it\/de\/#organization"},"potentialAction":[{"@type":"SearchAction","target":{"@type":"EntryPoint","urlTemplate":"https:\/\/www.linkjuice.it\/de\/?s={search_term_string}"},"query-input":{"@type":"PropertyValueSpecification","valueRequired":true,"valueName":"search_term_string"}}],"inLanguage":"de"},{"@type":"Organization","@id":"https:\/\/www.linkjuice.it\/de\/#organization","name":"Linkjuice","url":"https:\/\/www.linkjuice.it\/de\/","logo":{"@type":"ImageObject","inLanguage":"de","@id":"https:\/\/www.linkjuice.it\/de\/#\/schema\/logo\/image\/","url":"https:\/\/www.linkjuice.it\/wp-content\/uploads\/2025\/02\/favicon-lj.png","contentUrl":"https:\/\/www.linkjuice.it\/wp-content\/uploads\/2025\/02\/favicon-lj.png","width":200,"height":201,"caption":"Linkjuice"},"image":{"@id":"https:\/\/www.linkjuice.it\/de\/#\/schema\/logo\/image\/"}}]}},"_links":{"self":[{"href":"https:\/\/www.linkjuice.it\/de\/wp-json\/wp\/v2\/pages\/62338","targetHints":{"allow":["GET"]}}],"collection":[{"href":"https:\/\/www.linkjuice.it\/de\/wp-json\/wp\/v2\/pages"}],"about":[{"href":"https:\/\/www.linkjuice.it\/de\/wp-json\/wp\/v2\/types\/page"}],"author":[{"embeddable":true,"href":"https:\/\/www.linkjuice.it\/de\/wp-json\/wp\/v2\/users\/2"}],"replies":[{"embeddable":true,"href":"https:\/\/www.linkjuice.it\/de\/wp-json\/wp\/v2\/comments?post=62338"}],"version-history":[{"count":5,"href":"https:\/\/www.linkjuice.it\/de\/wp-json\/wp\/v2\/pages\/62338\/revisions"}],"predecessor-version":[{"id":62900,"href":"https:\/\/www.linkjuice.it\/de\/wp-json\/wp\/v2\/pages\/62338\/revisions\/62900"}],"wp:attachment":[{"href":"https:\/\/www.linkjuice.it\/de\/wp-json\/wp\/v2\/media?parent=62338"}],"curies":[{"name":"wp","href":"https:\/\/api.w.org\/{rel}","templated":true}]}}